{"id":214,"date":"2018-04-13T13:46:27","date_gmt":"2018-04-13T11:46:27","guid":{"rendered":"http:\/\/lwbv.de.lot\/?page_id=214"},"modified":"2022-09-13T12:32:11","modified_gmt":"2022-09-13T10:32:11","slug":"faq","status":"publish","type":"page","link":"https:\/\/www.lwbv.de\/lwbv\/info\/faq\/","title":{"rendered":"FAQ"},"content":{"rendered":"<div class=\"wpb-content-wrapper\"><p>[vc_row][vc_column width=&#8220;3\/4&#8243;][vc_column_text]<\/p>\n<h1>Die h\u00e4ufigsten Fragen:<\/h1>\n<p>&nbsp;<\/p>\n<h3><strong>Was ist der Landesverband der Wasser- und Bodenverb\u00e4nde?<\/strong><\/h3>\n<p>Der Landesverband wurde am 12. Juni 1947 gegr\u00fcndet und ist die Dachorganisation von rund 500 Wasser- und Bodenverb\u00e4nden in Schleswig-Holstein.<\/p>\n<p>&nbsp;<\/p>\n<h3><strong>Was sind die gesetzlichen Aufgaben des Landesverbandes?<\/strong><\/h3>\n<ul>\n<li>F\u00f6rderung der Zusammenarbeit zwischen Wasser- und Bodenverb\u00e4nden, Landwirtschaft und kommunalen K\u00f6rperschaften.<\/li>\n<li>Fortentwicklung des Gew\u00e4sser-, Boden-, Arten- und Naturschutzes.<\/li>\n<li>Beratung und F\u00f6rderung seiner gesetzlichen Mitglieder bei der Durchf\u00fchrung ihrer satzungsgem\u00e4\u00dfen Aufgaben, insbesondere bei der Haushaltsf\u00fchrung, der allgemeinen Verwaltungsaufgaben, der technischen Aufgaben und der Aufgaben im Zusammenhang mit der Umsetzung der Wasserrahmenrichtlinie.<\/li>\n<\/ul>\n<ul>\n<li><strong>Interessenvertretung<\/strong><br \/>\nEigenverantwortliche, demokratisch legitimierte Selbstverwaltung wird bei unseren Mitgliedsverb\u00e4nden gro\u00dfgeschrieben.<br \/>\nAufsichtsrechtliche Befugnisse gegen\u00fcber seinen Mitgliedern k\u00f6nnen und sollen dem Landesverband nicht zustehen. Der Landesverband versteht sich vielmehr als deren Interessenvertreter und Mittler in Streifragen.<br \/>\nLassen sich Probleme trotzdem nicht einvernehmlich l\u00f6sen, sind die Landr\u00e4te der Kreise als Untere Aufsichtsbeh\u00f6rden der Verb\u00e4nde gefragt.<\/li>\n<\/ul>\n<p>&nbsp;<\/p>\n<h3><strong>Wie kann ich Kontakt aufnehmen?<\/strong><\/h3>\n<p>Sie m\u00f6chten ausf\u00fchrliche Informationen \u00fcber den Landesverband der Wasser- und Bodenverb\u00e4nde oder uns eine Mitteilung machen? Dann nehmen Sie Kontakt zu uns auf. Wir freuen uns auf Sie!<\/p>\n<ul>\n<li>unsere Anschrift sowie eine Anfahrtsskizze finden Sie unter: <a href=\"\/lwbv\/kontakt\/\">Kontakt<\/a><\/li>\n<li>E-Mail: <a href=\"mailto:info@lwbv.de\">info@lwbv.de<\/a><\/li>\n<li>Tel.: \u00a0 \u00a0\u00a0<a href=\"tel:\/\/0433170822660\">04331 \u2013 70 82 26 60<\/a><\/li>\n<li>Fax: \u00a0 \u00a0\u00a0<a href=\"tel:\/\/0433170822680\">04331 \u2013 70 82 26 80<\/a><\/li>\n<\/ul>\n<p>&nbsp;<\/p>\n<h3><strong>Was sind die Aufgaben der Wasser- und Bodenverb\u00e4nde?<\/strong><\/h3>\n<p>Die rund 500 Verb\u00e4nde in Schleswig-Holstein sind in den Bereichen Gew\u00e4sserunterhaltung, Deichunterhaltung, Sch\u00f6pfwerksbetrieb, Trinkwasserversorgung, Abwasserbeseitigung, Windschutz sowie Beregnung t\u00e4tig und nehmen zus\u00e4tzlich Aufgaben des Gew\u00e4sser- und Naturschutzes wahr.<\/p>\n<p>&nbsp;<\/p>\n<h3><strong>An wen kann ich mich wenden&#8230;<br \/>\n<\/strong><\/h3>\n<p>&nbsp;<\/p>\n<ul>\n<li><strong>wenn ich wissen m\u00f6chte, zu welchem Verband ich geh\u00f6re?<\/strong><br \/>\nSie k\u00f6nnen gerne Kontakt zu uns aufnehmen!<br \/>\nTelefonischen unter: Tel.: <a href=\"tel:\/\/0433170822660\">04331 \u2013 70 82 26 60<\/a> oder per Email unter <a href=\"mailto:info@lwbv.de\">info@lwbv.de<\/a><br \/>\n\u2013 wir werden Ihnen gerne weiterhelfen.<\/li>\n<\/ul>\n<p>&nbsp;<\/p>\n<ul>\n<li><strong>wenn ich Kontakt zu (m)einem Wasser- und Bodenverband aufnehmen m\u00f6chte?<\/strong><br \/>\nWir werden gerne die Kontaktdaten f\u00fcr Sie heraussuchen.<br \/>\nDer Landesverband betreut rund 500 Wasser- und Bodenverb\u00e4nde mit \u00fcberwiegend ehrenamtlicher Verwaltung. Deshalb werden hier aus R\u00fccksicht Privatsph\u00e4re der Verbandsvorsteher nicht alle Adressen ver\u00f6ffentlicht, sondern nur Kontakte zur hauptamtlichen Verwaltung wiedergegeben \u2013 fragen Sie uns einfach!<br \/>\nTelefonisch unter: Tel.: <a href=\"tel:\/\/0433170822660\">04331 \u2013 70 82 26 60<\/a> oder per Email unter: <a href=\"mailto:info@lwbv.de\">info@lwbv.de<\/a><\/li>\n<\/ul>\n<p>&nbsp;<\/p>\n<ul>\n<li><strong>ich Fragen zu meiner Rechnung oder zu meinem Beitragsbescheid habe?<\/strong><br \/>\nBei grunds\u00e4tzlichen Fragen zu Zahlungsanspr\u00fcchen unserer Verb\u00e4nde k\u00f6nnen Sie sich gerne an uns wenden. Geht es ins Detail, werden wir Ihnen gerne einen Ansprechpartner bei Ihrem zust\u00e4ndigen Wasser- und Bodenverband benennen.<\/li>\n<\/ul>\n<h3><\/h3>\n<h3><strong><br \/>\nAn wen kann ich mich wenden, wenn ich Fragen habe zum Thema:<\/strong><\/h3>\n<ul>\n<li><strong>Gew\u00e4sserunterhaltung<br \/>\n<\/strong>Die Mitarbeiter und Mitarbeiterinnen werden Sie gerne beraten und Ihre Fragen beantworten. Geht es um konkrete Vor-Ort-Probleme werden wir Ihnen nat\u00fcrlich einen Ansprechpartner Ihres zust\u00e4ndigen Verbandes benennen.<\/li>\n<\/ul>\n<p>&nbsp;<\/p>\n<ul>\n<li><strong>Fachkundenachweis &#8222;Schonende Gew\u00e4sserunterhaltung&#8220;<br \/>\n<\/strong>Klicken Sie einfach auf <a href=\"https:\/\/wasserforum-nord.de\" target=\"_blank\" rel=\"noopener\"><strong>Wasser Forum Nord<\/strong><\/a> \u2013 Sie werden direkt auf die entsprechende Seite weitergeleitet.<br \/>\nDort finden Sie weiterf\u00fchrende Informationen, k\u00f6nnen sich f\u00fcr ein Seminar anmelden oder Kontakt zu den Verantwortlichen herstellen.<\/li>\n<\/ul>\n<p>&nbsp;<\/p>\n<ul>\n<li><strong>Trinkwasser<br \/>\n<\/strong>Sie haben Fragen zu ihrem Trinkwasserversorger?<br \/>\nEine Liste der Wasserverb\u00e4nde und die jeweiligen Kontaktdaten finden Sie unter: <a href=\"\/lwbv\/mitglieder\/wasserverbaende\/\">Mitglieder -&gt; Wasserverb\u00e4nde<\/a><\/li>\n<\/ul>\n<p>&nbsp;<\/p>\n<ul>\n<li><strong>Wasserz\u00e4hler<br \/>\n<\/strong>F\u00fcr die Wartung der Wasserz\u00e4hler ist der jeweilige Wasserverband zust\u00e4ndig.<br \/>\nBitte nehmen Sie direkten Kontakt mit ihrem Wasserversorger auf unter: <a href=\"\/lwbv\/mitglieder\/wasserverbaende\/\">Mitglieder -&gt; Wasserverb\u00e4nde<\/a><\/li>\n<\/ul>\n<p>&nbsp;<\/p>\n<ul>\n<li><strong>Umsetzung der EG-Wasserrahmenrichtlinie<br \/>\n<\/strong>Unter dem <strong>Suchbegriff WRRL<\/strong> oder im Ordner <strong>Infos<\/strong> finden Sie auf dieser Homepage vielf\u00e4ltige Informationen und Links zur EG-Wasserrahmenrichtlinie.<br \/>\nUnter: <a href=\"\/lwbv\/mitglieder\/eu-verbaende\/\">Mitglieder -&gt; EU-Verb\u00e4nde <\/a>k\u00f6nnen Sie die jeweiligen Kontaktdaten der Bearbeitungsgebiets- bzw. EU-Verb\u00e4nde einsehen.<\/li>\n<\/ul>\n<p>[\/vc_column_text][\/vc_column][vc_column width=&#8220;1\/4&#8243;][\/vc_column][\/vc_row]<\/p>\n<\/div>","protected":false},"excerpt":{"rendered":"<p>[vc_row][vc_column width=&#8220;3\/4&#8243;][vc_column_text] Die h\u00e4ufigsten Fragen: &nbsp; Was ist der Landesverband der Wasser- und Bodenverb\u00e4nde? Der Landesverband wurde am 12. Juni 1947 gegr\u00fcndet und ist die Dachorganisation von rund 500 Wasser- und Bodenverb\u00e4nden in Schleswig-Holstein. &nbsp; Was sind die gesetzlichen Aufgaben des Landesverbandes? F\u00f6rderung der Zusammenarbeit zwischen Wasser- und Bodenverb\u00e4nden, Landwirtschaft und kommunalen K\u00f6rperschaften. Fortentwicklung des&hellip;<\/p>\n","protected":false},"author":1,"featured_media":0,"parent":0,"menu_order":0,"comment_status":"closed","ping_status":"open","template":"","meta":{"footnotes":""},"yoast_head":"<!-- This site is optimized with the Yoast SEO plugin v22.8 - https:\/\/yoast.com\/wordpress\/plugins\/seo\/ -->\n<title>FAQ - Landesverband der Wasser- und Bodenverb\u00e4nde<\/title>\n<meta name=\"robots\" content=\"index, follow, max-snippet:-1, max-image-preview:large, max-video-preview:-1\" \/>\n<link rel=\"canonical\" href=\"https:\/\/www.lwbv.de\/lwbv\/info\/faq\/\" \/>\n<meta property=\"og:locale\" content=\"de_DE\" \/>\n<meta property=\"og:type\" content=\"article\" \/>\n<meta property=\"og:title\" content=\"FAQ - Landesverband der Wasser- und Bodenverb\u00e4nde\" \/>\n<meta property=\"og:description\" content=\"[vc_row][vc_column width=&#8220;3\/4&#8243;][vc_column_text] Die h\u00e4ufigsten Fragen: &nbsp; Was ist der Landesverband der Wasser- und Bodenverb\u00e4nde? Der Landesverband wurde am 12. Juni 1947 gegr\u00fcndet und ist die Dachorganisation von rund 500 Wasser- und Bodenverb\u00e4nden in Schleswig-Holstein. &nbsp; Was sind die gesetzlichen Aufgaben des Landesverbandes? F\u00f6rderung der Zusammenarbeit zwischen Wasser- und Bodenverb\u00e4nden, Landwirtschaft und kommunalen K\u00f6rperschaften. Fortentwicklung des&hellip;\" \/>\n<meta property=\"og:url\" content=\"https:\/\/www.lwbv.de\/lwbv\/info\/faq\/\" \/>\n<meta property=\"og:site_name\" content=\"Landesverband der Wasser- und Bodenverb\u00e4nde\" \/>\n<meta property=\"article:modified_time\" content=\"2022-09-13T10:32:11+00:00\" \/>\n<meta name=\"twitter:card\" content=\"summary_large_image\" \/>\n<meta name=\"twitter:label1\" content=\"Gesch\u00e4tzte Lesezeit\" \/>\n\t<meta name=\"twitter:data1\" content=\"3\u00a0Minuten\" \/>\n<script type=\"application\/ld+json\" class=\"yoast-schema-graph\">{\"@context\":\"https:\/\/schema.org\",\"@graph\":[{\"@type\":\"WebPage\",\"@id\":\"https:\/\/www.lwbv.de\/lwbv\/info\/faq\/\",\"url\":\"https:\/\/www.lwbv.de\/lwbv\/info\/faq\/\",\"name\":\"FAQ - Landesverband der Wasser- und Bodenverb\u00e4nde\",\"isPartOf\":{\"@id\":\"https:\/\/www.lwbv.de\/lwbv\/#website\"},\"datePublished\":\"2018-04-13T11:46:27+00:00\",\"dateModified\":\"2022-09-13T10:32:11+00:00\",\"breadcrumb\":{\"@id\":\"https:\/\/www.lwbv.de\/lwbv\/info\/faq\/#breadcrumb\"},\"inLanguage\":\"de\",\"potentialAction\":[{\"@type\":\"ReadAction\",\"target\":[\"https:\/\/www.lwbv.de\/lwbv\/info\/faq\/\"]}]},{\"@type\":\"BreadcrumbList\",\"@id\":\"https:\/\/www.lwbv.de\/lwbv\/info\/faq\/#breadcrumb\",\"itemListElement\":[{\"@type\":\"ListItem\",\"position\":1,\"name\":\"Startseite\",\"item\":\"https:\/\/www.lwbv.de\/lwbv\/\"},{\"@type\":\"ListItem\",\"position\":2,\"name\":\"FAQ\"}]},{\"@type\":\"WebSite\",\"@id\":\"https:\/\/www.lwbv.de\/lwbv\/#website\",\"url\":\"https:\/\/www.lwbv.de\/lwbv\/\",\"name\":\"Landesverband der Wasser- und Bodenverb\u00e4nde\",\"description\":\"\",\"potentialAction\":[{\"@type\":\"SearchAction\",\"target\":{\"@type\":\"EntryPoint\",\"urlTemplate\":\"https:\/\/www.lwbv.de\/lwbv\/?s={search_term_string}\"},\"query-input\":\"required name=search_term_string\"}],\"inLanguage\":\"de\"}]}<\/script>\n<!-- \/ Yoast SEO plugin. -->","yoast_head_json":{"title":"FAQ - Landesverband der Wasser- und Bodenverb\u00e4nde","robots":{"index":"index","follow":"follow","max-snippet":"max-snippet:-1","max-image-preview":"max-image-preview:large","max-video-preview":"max-video-preview:-1"},"canonical":"https:\/\/www.lwbv.de\/lwbv\/info\/faq\/","og_locale":"de_DE","og_type":"article","og_title":"FAQ - Landesverband der Wasser- und Bodenverb\u00e4nde","og_description":"[vc_row][vc_column width=&#8220;3\/4&#8243;][vc_column_text] Die h\u00e4ufigsten Fragen: &nbsp; Was ist der Landesverband der Wasser- und Bodenverb\u00e4nde? Der Landesverband wurde am 12. Juni 1947 gegr\u00fcndet und ist die Dachorganisation von rund 500 Wasser- und Bodenverb\u00e4nden in Schleswig-Holstein. &nbsp; Was sind die gesetzlichen Aufgaben des Landesverbandes? F\u00f6rderung der Zusammenarbeit zwischen Wasser- und Bodenverb\u00e4nden, Landwirtschaft und kommunalen K\u00f6rperschaften. Fortentwicklung des&hellip;","og_url":"https:\/\/www.lwbv.de\/lwbv\/info\/faq\/","og_site_name":"Landesverband der Wasser- und Bodenverb\u00e4nde","article_modified_time":"2022-09-13T10:32:11+00:00","twitter_card":"summary_large_image","twitter_misc":{"Gesch\u00e4tzte Lesezeit":"3\u00a0Minuten"},"schema":{"@context":"https:\/\/schema.org","@graph":[{"@type":"WebPage","@id":"https:\/\/www.lwbv.de\/lwbv\/info\/faq\/","url":"https:\/\/www.lwbv.de\/lwbv\/info\/faq\/","name":"FAQ - Landesverband der Wasser- und Bodenverb\u00e4nde","isPartOf":{"@id":"https:\/\/www.lwbv.de\/lwbv\/#website"},"datePublished":"2018-04-13T11:46:27+00:00","dateModified":"2022-09-13T10:32:11+00:00","breadcrumb":{"@id":"https:\/\/www.lwbv.de\/lwbv\/info\/faq\/#breadcrumb"},"inLanguage":"de","potentialAction":[{"@type":"ReadAction","target":["https:\/\/www.lwbv.de\/lwbv\/info\/faq\/"]}]},{"@type":"BreadcrumbList","@id":"https:\/\/www.lwbv.de\/lwbv\/info\/faq\/#breadcrumb","itemListElement":[{"@type":"ListItem","position":1,"name":"Startseite","item":"https:\/\/www.lwbv.de\/lwbv\/"},{"@type":"ListItem","position":2,"name":"FAQ"}]},{"@type":"WebSite","@id":"https:\/\/www.lwbv.de\/lwbv\/#website","url":"https:\/\/www.lwbv.de\/lwbv\/","name":"Landesverband der Wasser- und Bodenverb\u00e4nde","description":"","potentialAction":[{"@type":"SearchAction","target":{"@type":"EntryPoint","urlTemplate":"https:\/\/www.lwbv.de\/lwbv\/?s={search_term_string}"},"query-input":"required name=search_term_string"}],"inLanguage":"de"}]}},"_links":{"self":[{"href":"https:\/\/www.lwbv.de\/lwbv\/wp-json\/wp\/v2\/pages\/214"}],"collection":[{"href":"https:\/\/www.lwbv.de\/lwbv\/wp-json\/wp\/v2\/pages"}],"about":[{"href":"https:\/\/www.lwbv.de\/lwbv\/wp-json\/wp\/v2\/types\/page"}],"author":[{"embeddable":true,"href":"https:\/\/www.lwbv.de\/lwbv\/wp-json\/wp\/v2\/users\/1"}],"replies":[{"embeddable":true,"href":"https:\/\/www.lwbv.de\/lwbv\/wp-json\/wp\/v2\/comments?post=214"}],"version-history":[{"count":15,"href":"https:\/\/www.lwbv.de\/lwbv\/wp-json\/wp\/v2\/pages\/214\/revisions"}],"predecessor-version":[{"id":2316,"href":"https:\/\/www.lwbv.de\/lwbv\/wp-json\/wp\/v2\/pages\/214\/revisions\/2316"}],"wp:attachment":[{"href":"https:\/\/www.lwbv.de\/lwbv\/wp-json\/wp\/v2\/media?parent=214"}],"curies":[{"name":"wp","href":"https:\/\/api.w.org\/{rel}","templated":true}]}}