{"id":27,"date":"2018-04-12T12:31:20","date_gmt":"2018-04-12T10:31:20","guid":{"rendered":"http:\/\/lwbv.de.lot\/?page_id=27"},"modified":"2025-07-23T09:39:37","modified_gmt":"2025-07-23T07:39:37","slug":"wasser-forum-nord","status":"publish","type":"page","link":"https:\/\/www.lwbv.de\/lwbv\/wasser-forum-nord\/","title":{"rendered":"Wasser Forum Nord"},"content":{"rendered":"<div class=\"wpb-content-wrapper\"><p>[vc_row][vc_column width=&#8220;2\/3&#8243;][vc_column_text css=&#8220;&#8220;]<\/p>\n<h1>Wasser Forum Nord e.V.<\/h1>\n<p>Der Verein Wasser Forum Nord bietet u.a. mit seinem<strong> Fachkundenachweis \u201eSchonende Gew\u00e4sserunterhaltung\u201c<\/strong> eine intensive Weiterbildung an, die sich direkt an die Baggerfahrer und Ger\u00e4tef\u00fchrer richtet, deren Einsatzgebiet am Gew\u00e4sser liegt.<br \/>\nDer Fachkundenachweis wurde 2014\/2015 in enger Kooperation des Landesverband es der Wasser- und Bodenverb\u00e4nde (LWBV) mit dem Ministerium f\u00fcr Energiewende, Landwirtschaft, Umwelt, Natur und Digitalisierung (MELUND, heute Ministerium f\u00fcr Energiewende, Klimaschutz, Umwelt und Natur, MEKUN) sowie dem Landesverband der Lohnunternehmer in Land- und Forstwirtschaft Schleswig-Holstein e.V. entwickelt, wobei der LWBV die Tr\u00e4gerschaft \u00fcbernommen und den Verein Wasser Forum Nord e.V. gegr\u00fcndet hat.<\/p>\n<p>Es sollte Ziel der \u201eSchonenden Gew\u00e4sserunterhaltung\u201c sein, die Intensit\u00e4t und H\u00e4ufigkeit von Unterhaltungsma\u00dfnahmen so zu verringern, dass eine zielgerichtete Entwicklung der Flie\u00dfgew\u00e4sser erm\u00f6glicht und gleichzeitig die Abflusssicherung gew\u00e4hrleistet wird.<br \/>\nEine Grundvoraussetzung daf\u00fcr ist das handwerkliche K\u00f6nnen der Akteure am Gew\u00e4sser. Schulungen k\u00f6nnen \u00fcber das Wasser Forum Nord gebucht werden.<\/p>\n<p><strong>Ab 01.01.2020 ist die personenbezogene Vorlage des Fachkundenachweises bei Ausschreibungen verpflichtend vorzulegen.<\/strong><\/p>\n<p>&nbsp;<\/p>\n<p>Weiterf\u00fchrende Informationen zum Fachkundenachweis finden Sie <a href=\"https:\/\/wasserforum-nord.de\" target=\"_blank\" rel=\"noopener\">hier<\/a>![\/vc_column_text][\/vc_column][vc_column width=&#8220;1\/3&#8243;]<div class=\"aio-icon-component    style_1\"><div id=\"Info-box-wrap-8570\" class=\"aio-icon-box square_box-icon\" style=\"border-color:#242f49;border-width:1px;background-color:#f4f6fa;\"  ><div class=\"aio-icon-square_box\"><div class=\"ult-just-icon-wrapper  \"><div class=\"align-icon\" style=\"text-align:center;\">\n<div class=\"aio-icon square \"  style=\"color:#ffffff;background:#242f49;font-size:20px;display:inline-block;\">\n\t<i class=\"Defaults-info\"><\/i>\n<\/div><\/div><\/div><\/div><div class=\"aio-icon-header\" ><h3 class=\"aio-icon-title ult-responsive\"  data-ultimate-target='#Info-box-wrap-8570 .aio-icon-title'  data-responsive-json-new='{\"font-size\":\"\",\"line-height\":\"\"}'  style=\"\">Kontakt<\/h3><\/div> <!-- header --><div class=\"aio-icon-description ult-responsive\"  data-ultimate-target='#Info-box-wrap-8570 .aio-icon-description'  data-responsive-json-new='{\"font-size\":\"\",\"line-height\":\"\"}'  style=\"\">Wasser Forum Nord e.V.<br \/>\nRolandskoppel 28<br \/>\n24784 Westerr\u00f6nfeld<\/p>\n<p>Telefon 04331 \/ 708226-60<br \/>\nTelefax 04331 \/ 708226-80<\/div> <!-- description --><\/div> <!-- aio-icon-box --><\/div> <!-- aio-icon-component -->[\/vc_column][\/vc_row][vc_row][vc_column width=&#8220;1\/4&#8243;][\/vc_column][vc_column width=&#8220;1\/2&#8243;]<style type=\"text\/css\" data-type=\"the7_shortcodes-inline-css\">#default-btn-f131d8e91aa75f5c822fddf7994343f2.ico-right-side > i {\n  margin-right: 0px;\n  margin-left: 8px;\n}\n#default-btn-f131d8e91aa75f5c822fddf7994343f2 > i {\n  margin-right: 8px;\n}\n<\/style><div class=\"btn-align-center\"><a href=\"http:\/\/wasserforum-nord.de\/\" class=\"default-btn-shortcode dt-btn dt-btn-l link-hover-off  vc_custom_1533885889273\" target=\"_blank\" id=\"default-btn-f131d8e91aa75f5c822fddf7994343f2\" rel=\"noopener\"><span>Jetzt informieren unter www.wasserforum-nord.de<\/span><\/a><\/div>[\/vc_column][vc_column width=&#8220;1\/4&#8243;][\/vc_column][\/vc_row]<\/p>\n<\/div>","protected":false},"excerpt":{"rendered":"<p>[vc_row][vc_column width=&#8220;2\/3&#8243;][vc_column_text css=&#8220;&#8220;] Wasser Forum Nord e.V. Der Verein Wasser Forum Nord bietet u.a. mit seinem Fachkundenachweis \u201eSchonende Gew\u00e4sserunterhaltung\u201c eine intensive Weiterbildung an, die sich direkt an die Baggerfahrer und Ger\u00e4tef\u00fchrer richtet, deren Einsatzgebiet am Gew\u00e4sser liegt. Der Fachkundenachweis wurde 2014\/2015 in enger Kooperation des Landesverband es der Wasser- und Bodenverb\u00e4nde (LWBV) mit dem Ministerium&hellip;<\/p>\n","protected":false},"author":1,"featured_media":0,"parent":0,"menu_order":0,"comment_status":"closed","ping_status":"open","template":"","meta":{"footnotes":""},"yoast_head":"<!-- This site is optimized with the Yoast SEO plugin v22.8 - https:\/\/yoast.com\/wordpress\/plugins\/seo\/ -->\n<title>Wasser Forum Nord - Landesverband der Wasser- und Bodenverb\u00e4nde<\/title>\n<meta name=\"robots\" content=\"index, follow, max-snippet:-1, max-image-preview:large, max-video-preview:-1\" \/>\n<link rel=\"canonical\" href=\"https:\/\/www.lwbv.de\/lwbv\/wasser-forum-nord\/\" \/>\n<meta property=\"og:locale\" content=\"de_DE\" \/>\n<meta property=\"og:type\" content=\"article\" \/>\n<meta property=\"og:title\" content=\"Wasser Forum Nord - Landesverband der Wasser- und Bodenverb\u00e4nde\" \/>\n<meta property=\"og:description\" content=\"[vc_row][vc_column width=&#8220;2\/3&#8243;][vc_column_text css=&#8220;&#8220;] Wasser Forum Nord e.V. Der Verein Wasser Forum Nord bietet u.a. mit seinem Fachkundenachweis \u201eSchonende Gew\u00e4sserunterhaltung\u201c eine intensive Weiterbildung an, die sich direkt an die Baggerfahrer und Ger\u00e4tef\u00fchrer richtet, deren Einsatzgebiet am Gew\u00e4sser liegt. Der Fachkundenachweis wurde 2014\/2015 in enger Kooperation des Landesverband es der Wasser- und Bodenverb\u00e4nde (LWBV) mit dem Ministerium&hellip;\" \/>\n<meta property=\"og:url\" content=\"https:\/\/www.lwbv.de\/lwbv\/wasser-forum-nord\/\" \/>\n<meta property=\"og:site_name\" content=\"Landesverband der Wasser- und Bodenverb\u00e4nde\" \/>\n<meta property=\"article:modified_time\" content=\"2025-07-23T07:39:37+00:00\" \/>\n<meta name=\"twitter:card\" content=\"summary_large_image\" \/>\n<meta name=\"twitter:label1\" content=\"Gesch\u00e4tzte Lesezeit\" \/>\n\t<meta name=\"twitter:data1\" content=\"2\u00a0Minuten\" \/>\n<script type=\"application\/ld+json\" class=\"yoast-schema-graph\">{\"@context\":\"https:\/\/schema.org\",\"@graph\":[{\"@type\":\"WebPage\",\"@id\":\"https:\/\/www.lwbv.de\/lwbv\/wasser-forum-nord\/\",\"url\":\"https:\/\/www.lwbv.de\/lwbv\/wasser-forum-nord\/\",\"name\":\"Wasser Forum Nord - Landesverband der Wasser- und Bodenverb\u00e4nde\",\"isPartOf\":{\"@id\":\"https:\/\/www.lwbv.de\/lwbv\/#website\"},\"datePublished\":\"2018-04-12T10:31:20+00:00\",\"dateModified\":\"2025-07-23T07:39:37+00:00\",\"breadcrumb\":{\"@id\":\"https:\/\/www.lwbv.de\/lwbv\/wasser-forum-nord\/#breadcrumb\"},\"inLanguage\":\"de\",\"potentialAction\":[{\"@type\":\"ReadAction\",\"target\":[\"https:\/\/www.lwbv.de\/lwbv\/wasser-forum-nord\/\"]}]},{\"@type\":\"BreadcrumbList\",\"@id\":\"https:\/\/www.lwbv.de\/lwbv\/wasser-forum-nord\/#breadcrumb\",\"itemListElement\":[{\"@type\":\"ListItem\",\"position\":1,\"name\":\"Startseite\",\"item\":\"https:\/\/www.lwbv.de\/lwbv\/\"},{\"@type\":\"ListItem\",\"position\":2,\"name\":\"Wasser Forum Nord\"}]},{\"@type\":\"WebSite\",\"@id\":\"https:\/\/www.lwbv.de\/lwbv\/#website\",\"url\":\"https:\/\/www.lwbv.de\/lwbv\/\",\"name\":\"Landesverband der Wasser- und Bodenverb\u00e4nde\",\"description\":\"\",\"potentialAction\":[{\"@type\":\"SearchAction\",\"target\":{\"@type\":\"EntryPoint\",\"urlTemplate\":\"https:\/\/www.lwbv.de\/lwbv\/?s={search_term_string}\"},\"query-input\":\"required name=search_term_string\"}],\"inLanguage\":\"de\"}]}<\/script>\n<!-- \/ Yoast SEO plugin. -->","yoast_head_json":{"title":"Wasser Forum Nord - Landesverband der Wasser- und Bodenverb\u00e4nde","robots":{"index":"index","follow":"follow","max-snippet":"max-snippet:-1","max-image-preview":"max-image-preview:large","max-video-preview":"max-video-preview:-1"},"canonical":"https:\/\/www.lwbv.de\/lwbv\/wasser-forum-nord\/","og_locale":"de_DE","og_type":"article","og_title":"Wasser Forum Nord - Landesverband der Wasser- und Bodenverb\u00e4nde","og_description":"[vc_row][vc_column width=&#8220;2\/3&#8243;][vc_column_text css=&#8220;&#8220;] Wasser Forum Nord e.V. Der Verein Wasser Forum Nord bietet u.a. mit seinem Fachkundenachweis \u201eSchonende Gew\u00e4sserunterhaltung\u201c eine intensive Weiterbildung an, die sich direkt an die Baggerfahrer und Ger\u00e4tef\u00fchrer richtet, deren Einsatzgebiet am Gew\u00e4sser liegt. Der Fachkundenachweis wurde 2014\/2015 in enger Kooperation des Landesverband es der Wasser- und Bodenverb\u00e4nde (LWBV) mit dem Ministerium&hellip;","og_url":"https:\/\/www.lwbv.de\/lwbv\/wasser-forum-nord\/","og_site_name":"Landesverband der Wasser- und Bodenverb\u00e4nde","article_modified_time":"2025-07-23T07:39:37+00:00","twitter_card":"summary_large_image","twitter_misc":{"Gesch\u00e4tzte Lesezeit":"2\u00a0Minuten"},"schema":{"@context":"https:\/\/schema.org","@graph":[{"@type":"WebPage","@id":"https:\/\/www.lwbv.de\/lwbv\/wasser-forum-nord\/","url":"https:\/\/www.lwbv.de\/lwbv\/wasser-forum-nord\/","name":"Wasser Forum Nord - Landesverband der Wasser- und Bodenverb\u00e4nde","isPartOf":{"@id":"https:\/\/www.lwbv.de\/lwbv\/#website"},"datePublished":"2018-04-12T10:31:20+00:00","dateModified":"2025-07-23T07:39:37+00:00","breadcrumb":{"@id":"https:\/\/www.lwbv.de\/lwbv\/wasser-forum-nord\/#breadcrumb"},"inLanguage":"de","potentialAction":[{"@type":"ReadAction","target":["https:\/\/www.lwbv.de\/lwbv\/wasser-forum-nord\/"]}]},{"@type":"BreadcrumbList","@id":"https:\/\/www.lwbv.de\/lwbv\/wasser-forum-nord\/#breadcrumb","itemListElement":[{"@type":"ListItem","position":1,"name":"Startseite","item":"https:\/\/www.lwbv.de\/lwbv\/"},{"@type":"ListItem","position":2,"name":"Wasser Forum Nord"}]},{"@type":"WebSite","@id":"https:\/\/www.lwbv.de\/lwbv\/#website","url":"https:\/\/www.lwbv.de\/lwbv\/","name":"Landesverband der Wasser- und Bodenverb\u00e4nde","description":"","potentialAction":[{"@type":"SearchAction","target":{"@type":"EntryPoint","urlTemplate":"https:\/\/www.lwbv.de\/lwbv\/?s={search_term_string}"},"query-input":"required name=search_term_string"}],"inLanguage":"de"}]}},"_links":{"self":[{"href":"https:\/\/www.lwbv.de\/lwbv\/wp-json\/wp\/v2\/pages\/27"}],"collection":[{"href":"https:\/\/www.lwbv.de\/lwbv\/wp-json\/wp\/v2\/pages"}],"about":[{"href":"https:\/\/www.lwbv.de\/lwbv\/wp-json\/wp\/v2\/types\/page"}],"author":[{"embeddable":true,"href":"https:\/\/www.lwbv.de\/lwbv\/wp-json\/wp\/v2\/users\/1"}],"replies":[{"embeddable":true,"href":"https:\/\/www.lwbv.de\/lwbv\/wp-json\/wp\/v2\/comments?post=27"}],"version-history":[{"count":22,"href":"https:\/\/www.lwbv.de\/lwbv\/wp-json\/wp\/v2\/pages\/27\/revisions"}],"predecessor-version":[{"id":3007,"href":"https:\/\/www.lwbv.de\/lwbv\/wp-json\/wp\/v2\/pages\/27\/revisions\/3007"}],"wp:attachment":[{"href":"https:\/\/www.lwbv.de\/lwbv\/wp-json\/wp\/v2\/media?parent=27"}],"curies":[{"name":"wp","href":"https:\/\/api.w.org\/{rel}","templated":true}]}}