{"id":29,"date":"2018-04-12T12:31:43","date_gmt":"2018-04-12T10:31:43","guid":{"rendered":"http:\/\/lwbv.de.lot\/?page_id=29"},"modified":"2022-02-22T09:54:42","modified_gmt":"2022-02-22T08:54:42","slug":"kontakt","status":"publish","type":"page","link":"https:\/\/www.lwbv.de\/lwbv\/kontakt\/","title":{"rendered":"Kontakt"},"content":{"rendered":"<div class=\"wpb-content-wrapper\"><p>[vc_row][vc_column width=&#8220;1\/2&#8243;][vc_column_text]<\/p>\n<h1>Kontakt<\/h1>\n<p>Sie m\u00f6chten ausf\u00fchrliche Informationen \u00fcber den Landesverband der Wasser- und Bodenverb\u00e4nde oder uns eine Mitteilung machen? Dann nehmen Sie Kontakt zu uns auf.<br \/>\nWir freuen uns auf Sie!<\/p>\n<p>Landesverband der Wasser- und Bodenverb\u00e4nde<br \/>\nRolandskoppel 28<br \/>\n24784 Westerr\u00f6nfeld<\/p>\n<p><a href=\"https:\/\/www.lwbv.de\/lwbv\/anfahrt\/\">\u203a zur Anfahrtskarte<\/a><\/p>\n<p>Tel.: <a href=\"tel:\/\/0433170822660\">04331 \u2013 70 82 26 60<\/a><br \/>\nFax: <a href=\"tel:\/\/0433170822680\">04331 \u2013 70 82 26 80<\/a><\/p>\n<p>Email:\u00a0<a href=\"mailto:info@lwbv.de\">info@lwbv.de<\/a>[\/vc_column_text][\/vc_column][vc_column width=&#8220;1\/2&#8243;][vc_single_image image=&#8220;360&#8243; img_size=&#8220;full&#8220;][\/vc_column][\/vc_row]<\/p>\n<\/div>","protected":false},"excerpt":{"rendered":"<p>[vc_row][vc_column width=&#8220;1\/2&#8243;][vc_column_text] Kontakt Sie m\u00f6chten ausf\u00fchrliche Informationen \u00fcber den Landesverband der Wasser- und Bodenverb\u00e4nde oder uns eine Mitteilung machen? Dann nehmen Sie Kontakt zu uns auf. Wir freuen uns auf Sie! Landesverband der Wasser- und Bodenverb\u00e4nde Rolandskoppel 28 24784 Westerr\u00f6nfeld \u203a zur Anfahrtskarte Tel.: 04331 \u2013 70 82 26 60 Fax: 04331 \u2013 70 82&hellip;<\/p>\n","protected":false},"author":1,"featured_media":0,"parent":0,"menu_order":0,"comment_status":"closed","ping_status":"open","template":"","meta":{"footnotes":""},"yoast_head":"<!-- This site is optimized with the Yoast SEO plugin v22.8 - https:\/\/yoast.com\/wordpress\/plugins\/seo\/ -->\n<title>Kontakt - Landesverband der Wasser- und Bodenverb\u00e4nde<\/title>\n<meta name=\"robots\" content=\"index, follow, max-snippet:-1, max-image-preview:large, max-video-preview:-1\" \/>\n<link rel=\"canonical\" href=\"https:\/\/www.lwbv.de\/lwbv\/kontakt\/\" \/>\n<meta property=\"og:locale\" content=\"de_DE\" \/>\n<meta property=\"og:type\" content=\"article\" \/>\n<meta property=\"og:title\" content=\"Kontakt - Landesverband der Wasser- und Bodenverb\u00e4nde\" \/>\n<meta property=\"og:description\" content=\"[vc_row][vc_column width=&#8220;1\/2&#8243;][vc_column_text] Kontakt Sie m\u00f6chten ausf\u00fchrliche Informationen \u00fcber den Landesverband der Wasser- und Bodenverb\u00e4nde oder uns eine Mitteilung machen? Dann nehmen Sie Kontakt zu uns auf. Wir freuen uns auf Sie! Landesverband der Wasser- und Bodenverb\u00e4nde Rolandskoppel 28 24784 Westerr\u00f6nfeld \u203a zur Anfahrtskarte Tel.: 04331 \u2013 70 82 26 60 Fax: 04331 \u2013 70 82&hellip;\" \/>\n<meta property=\"og:url\" content=\"https:\/\/www.lwbv.de\/lwbv\/kontakt\/\" \/>\n<meta property=\"og:site_name\" content=\"Landesverband der Wasser- und Bodenverb\u00e4nde\" \/>\n<meta property=\"article:modified_time\" content=\"2022-02-22T08:54:42+00:00\" \/>\n<meta name=\"twitter:card\" content=\"summary_large_image\" \/>\n<meta name=\"twitter:label1\" content=\"Gesch\u00e4tzte Lesezeit\" \/>\n\t<meta name=\"twitter:data1\" content=\"1\u00a0Minute\" \/>\n<script type=\"application\/ld+json\" class=\"yoast-schema-graph\">{\"@context\":\"https:\/\/schema.org\",\"@graph\":[{\"@type\":\"WebPage\",\"@id\":\"https:\/\/www.lwbv.de\/lwbv\/kontakt\/\",\"url\":\"https:\/\/www.lwbv.de\/lwbv\/kontakt\/\",\"name\":\"Kontakt - Landesverband der Wasser- und Bodenverb\u00e4nde\",\"isPartOf\":{\"@id\":\"https:\/\/www.lwbv.de\/lwbv\/#website\"},\"datePublished\":\"2018-04-12T10:31:43+00:00\",\"dateModified\":\"2022-02-22T08:54:42+00:00\",\"breadcrumb\":{\"@id\":\"https:\/\/www.lwbv.de\/lwbv\/kontakt\/#breadcrumb\"},\"inLanguage\":\"de\",\"potentialAction\":[{\"@type\":\"ReadAction\",\"target\":[\"https:\/\/www.lwbv.de\/lwbv\/kontakt\/\"]}]},{\"@type\":\"BreadcrumbList\",\"@id\":\"https:\/\/www.lwbv.de\/lwbv\/kontakt\/#breadcrumb\",\"itemListElement\":[{\"@type\":\"ListItem\",\"position\":1,\"name\":\"Startseite\",\"item\":\"https:\/\/www.lwbv.de\/lwbv\/\"},{\"@type\":\"ListItem\",\"position\":2,\"name\":\"Kontakt\"}]},{\"@type\":\"WebSite\",\"@id\":\"https:\/\/www.lwbv.de\/lwbv\/#website\",\"url\":\"https:\/\/www.lwbv.de\/lwbv\/\",\"name\":\"Landesverband der Wasser- und Bodenverb\u00e4nde\",\"description\":\"\",\"potentialAction\":[{\"@type\":\"SearchAction\",\"target\":{\"@type\":\"EntryPoint\",\"urlTemplate\":\"https:\/\/www.lwbv.de\/lwbv\/?s={search_term_string}\"},\"query-input\":\"required name=search_term_string\"}],\"inLanguage\":\"de\"}]}<\/script>\n<!-- \/ Yoast SEO plugin. -->","yoast_head_json":{"title":"Kontakt - Landesverband der Wasser- und Bodenverb\u00e4nde","robots":{"index":"index","follow":"follow","max-snippet":"max-snippet:-1","max-image-preview":"max-image-preview:large","max-video-preview":"max-video-preview:-1"},"canonical":"https:\/\/www.lwbv.de\/lwbv\/kontakt\/","og_locale":"de_DE","og_type":"article","og_title":"Kontakt - Landesverband der Wasser- und Bodenverb\u00e4nde","og_description":"[vc_row][vc_column width=&#8220;1\/2&#8243;][vc_column_text] Kontakt Sie m\u00f6chten ausf\u00fchrliche Informationen \u00fcber den Landesverband der Wasser- und Bodenverb\u00e4nde oder uns eine Mitteilung machen? Dann nehmen Sie Kontakt zu uns auf. Wir freuen uns auf Sie! Landesverband der Wasser- und Bodenverb\u00e4nde Rolandskoppel 28 24784 Westerr\u00f6nfeld \u203a zur Anfahrtskarte Tel.: 04331 \u2013 70 82 26 60 Fax: 04331 \u2013 70 82&hellip;","og_url":"https:\/\/www.lwbv.de\/lwbv\/kontakt\/","og_site_name":"Landesverband der Wasser- und Bodenverb\u00e4nde","article_modified_time":"2022-02-22T08:54:42+00:00","twitter_card":"summary_large_image","twitter_misc":{"Gesch\u00e4tzte Lesezeit":"1\u00a0Minute"},"schema":{"@context":"https:\/\/schema.org","@graph":[{"@type":"WebPage","@id":"https:\/\/www.lwbv.de\/lwbv\/kontakt\/","url":"https:\/\/www.lwbv.de\/lwbv\/kontakt\/","name":"Kontakt - Landesverband der Wasser- und Bodenverb\u00e4nde","isPartOf":{"@id":"https:\/\/www.lwbv.de\/lwbv\/#website"},"datePublished":"2018-04-12T10:31:43+00:00","dateModified":"2022-02-22T08:54:42+00:00","breadcrumb":{"@id":"https:\/\/www.lwbv.de\/lwbv\/kontakt\/#breadcrumb"},"inLanguage":"de","potentialAction":[{"@type":"ReadAction","target":["https:\/\/www.lwbv.de\/lwbv\/kontakt\/"]}]},{"@type":"BreadcrumbList","@id":"https:\/\/www.lwbv.de\/lwbv\/kontakt\/#breadcrumb","itemListElement":[{"@type":"ListItem","position":1,"name":"Startseite","item":"https:\/\/www.lwbv.de\/lwbv\/"},{"@type":"ListItem","position":2,"name":"Kontakt"}]},{"@type":"WebSite","@id":"https:\/\/www.lwbv.de\/lwbv\/#website","url":"https:\/\/www.lwbv.de\/lwbv\/","name":"Landesverband der Wasser- und Bodenverb\u00e4nde","description":"","potentialAction":[{"@type":"SearchAction","target":{"@type":"EntryPoint","urlTemplate":"https:\/\/www.lwbv.de\/lwbv\/?s={search_term_string}"},"query-input":"required name=search_term_string"}],"inLanguage":"de"}]}},"_links":{"self":[{"href":"https:\/\/www.lwbv.de\/lwbv\/wp-json\/wp\/v2\/pages\/29"}],"collection":[{"href":"https:\/\/www.lwbv.de\/lwbv\/wp-json\/wp\/v2\/pages"}],"about":[{"href":"https:\/\/www.lwbv.de\/lwbv\/wp-json\/wp\/v2\/types\/page"}],"author":[{"embeddable":true,"href":"https:\/\/www.lwbv.de\/lwbv\/wp-json\/wp\/v2\/users\/1"}],"replies":[{"embeddable":true,"href":"https:\/\/www.lwbv.de\/lwbv\/wp-json\/wp\/v2\/comments?post=29"}],"version-history":[{"count":10,"href":"https:\/\/www.lwbv.de\/lwbv\/wp-json\/wp\/v2\/pages\/29\/revisions"}],"predecessor-version":[{"id":2168,"href":"https:\/\/www.lwbv.de\/lwbv\/wp-json\/wp\/v2\/pages\/29\/revisions\/2168"}],"wp:attachment":[{"href":"https:\/\/www.lwbv.de\/lwbv\/wp-json\/wp\/v2\/media?parent=29"}],"curies":[{"name":"wp","href":"https:\/\/api.w.org\/{rel}","templated":true}]}}