{"id":381,"date":"2018-07-05T13:18:46","date_gmt":"2018-07-05T11:18:46","guid":{"rendered":"http:\/\/lwbv.de.lot\/?page_id=381"},"modified":"2024-03-26T14:25:52","modified_gmt":"2024-03-26T13:25:52","slug":"hauptverbaende","status":"publish","type":"page","link":"https:\/\/www.lwbv.de\/lwbv\/mitglieder\/hauptverbaende\/","title":{"rendered":"Hauptverb\u00e4nde"},"content":{"rendered":"<div class=\"wpb-content-wrapper\"><p>[vc_row][vc_column][vc_column_text]<\/p>\n<h1>Hauptverb\u00e4nde<\/h1>\n<p>[\/vc_column_text][vc_row_inner][vc_column_inner width=&#8220;1\/4&#8243; offset=&#8220;vc_col-lg-offset-0 vc_col-lg-3 vc_col-md-offset-0 vc_col-md-6&#8243;][vc_column_text]<\/p>\n<h3>Deich- und Hauptsielverband<br \/>\nS\u00fcdwesth\u00f6rn-Bongsiel<\/h3>\n<p>Heie-Juuler-W\u00e4i 1<br \/>\n25920 Risum-Lindholm<\/p>\n<p>Tel.: 04661-6003-10<br \/>\nFax.: 04661-6003-15<br \/>\nE-mail:\u00a0<a href=\"mailto:info@deichbauamt.de\">info@deichbauamt.de<\/a><\/p>\n<p><a href=\"https:\/\/www.deichbauamt.de\" target=\"_blank\" rel=\"noopener\">https:\/\/www.deichbauamt.de<\/a>[\/vc_column_text][\/vc_column_inner][vc_column_inner width=&#8220;1\/4&#8243; offset=&#8220;vc_col-lg-3 vc_col-md-offset-0 vc_col-md-6&#8243;][vc_column_text]<\/p>\n<h3 class=\"fett-gruen\">Deich- und Hauptsielverband Eiderstedt<\/h3>\n<p class=\"normal\">Poppenb\u00fcller Stra\u00dfe 13<br \/>\n25836 Garding<\/p>\n<p class=\"normal\">Tel.: 04862-10446-0<br \/>\nFax: 04862-10446-99<br \/>\nE-mail:\u00a0<a href=\"mailto:dhsv.eiderstedt@t-online.de\">info@dhsv-eiderstedt<\/a><\/p>\n<p><a href=\"https:\/\/www.dhsv-eiderstedt.de\" target=\"_blank\" rel=\"noopener\">https:\/\/www.dhsv-eiderstedt.de\u00a0<\/a><\/p>\n<p>[\/vc_column_text][\/vc_column_inner][vc_column_inner width=&#8220;1\/4&#8243; offset=&#8220;vc_col-lg-3 vc_col-md-offset-0 vc_col-md-6&#8243;][vc_column_text]<\/p>\n<h3 class=\"fett-gruen\">Eider-Treene-Verband<\/h3>\n<p class=\"normal\">Hauptstr. 1<br \/>\n25794 Pahlen<\/p>\n<p>Tel.: 04803-501<br \/>\nFax: 04803-587<br \/>\nE-mail:\u00a0<a href=\"mailto:info@eider-treene-verband.de\">info@eider-treene-verband.de<\/a><\/p>\n<p><a href=\"https:\/\/www.eider-treene-verband.de\" target=\"_blank\" rel=\"noopener\">https:\/\/www.eider-treene-verband.de<\/a>[\/vc_column_text][\/vc_column_inner][vc_column_inner width=&#8220;1\/4&#8243; offset=&#8220;vc_col-lg-3 vc_col-md-offset-0 vc_col-md-6&#8243;][vc_column_text]<\/p>\n<h3 class=\"fett-gruen\">Deich- und Hauptsielverband Dithmarschen<\/h3>\n<p class=\"normal\">Meldorfer Str. 17<br \/>\n25770 Hemmingstedt<\/p>\n<p>Tel.: 0481-6808-0<br \/>\nFax: 0481-6808-60<br \/>\nE-mail:\u00a0<a href=\"mailto:info@dhsv-dithmarschen.de\">info@dhsv-dithmarschen.de<\/a><\/p>\n<p><a href=\"https:\/\/www.dhsv-dithmarschen.de\" target=\"_blank\" rel=\"noopener\">https:\/\/www.dhsv-dithmarschen.de<\/a>[\/vc_column_text][\/vc_column_inner][\/vc_row_inner][\/vc_column][\/vc_row][vc_row full_width=&#8220;stretch_row&#8220; bg_type=&#8220;bg_color&#8220; bg_color_value=&#8220;#f4f6fa&#8220;][vc_column][vc_row_inner][vc_column_inner width=&#8220;1\/4&#8243; offset=&#8220;vc_col-lg-3 vc_col-md-offset-0 vc_col-md-6&#8243;][vc_column_text]<\/p>\n<h3 class=\"fett-gruen\">Deich- und Hauptsielverband<br \/>\nS\u00f6nke-Nissen-Koog-Schleuse<\/h3>\n<p class=\"normal\">Gesch\u00e4ftsstelle:<br \/>\nDHSV S\u00fcdwesth\u00f6rn-Bongsiel<br \/>\nHeie-Juuler-W\u00e4i 1<br \/>\n25920 Risum-Lindholm<\/p>\n<p>Tel.: 04661 &#8211; 6003-10<br \/>\nFax:04661 &#8211; 6003-15<br \/>\nE-mail: <a href=\"mailto:info@deichbauamt.de\" target=\"_blank\" rel=\"noopener\">info@deichbauamt.de<\/a><\/p>\n<p><a href=\"https:\/\/www.deichbauamt.de\" target=\"_blank\" rel=\"noopener\">https:\/\/www.deichbauamt.de<\/a>[\/vc_column_text][\/vc_column_inner][vc_column_inner width=&#8220;1\/4&#8243; offset=&#8220;vc_col-lg-3 vc_col-md-offset-0 vc_col-md-6&#8243;][vc_column_text]<\/p>\n<h3 class=\"fett-gruen\">Deich- und Hauptsielverband<br \/>\nArlau<\/h3>\n<p class=\"normal\">Gesch\u00e4ftsstelle:<br \/>\nDHSV S\u00fcdwesth\u00f6rn-Bongsiel<br \/>\nHeie-Juuler-W\u00e4i 1<br \/>\n25920 Risum-Lindholm<\/p>\n<p>Tel.: 04661 &#8211; 6003-10<br \/>\nFax:04661 &#8211; 6003-15<br \/>\nE-mail: <a href=\"mailto:info@deichbauamt.de\" target=\"_blank\" rel=\"noopener\">info@deichbauamt.de<\/a><\/p>\n<p><a href=\"https:\/\/www.deichbauamt.de\" target=\"_blank\" rel=\"noopener\">https:\/\/www.deichbauamt.de<\/a>[\/vc_column_text][\/vc_column_inner][vc_column_inner width=&#8220;1\/4&#8243; offset=&#8220;vc_col-lg-3 vc_col-md-offset-0 vc_col-md-6&#8243;][vc_column_text]<\/p>\n<h3 class=\"fett-gruen\">Deich- und Hauptsielverband Wilstermarsch<\/h3>\n<p class=\"normal\">Blomestra\u00dfe 60<br \/>\n25524 Heiligenstedten<\/p>\n<p>Tel.: 04821-403938-0<br \/>\nFax: 04821-403938-9<br \/>\nE-mail:\u00a0<a href=\"mailto:info@dhsv-wilstermarsch.de\">info@dhsv-wilstermarsch.de<\/a>[\/vc_column_text][\/vc_column_inner][vc_column_inner width=&#8220;1\/4&#8243; offset=&#8220;vc_col-lg-3 vc_col-md-offset-0 vc_col-md-6&#8243;][vc_column_text]<\/p>\n<h3 class=\"fett-gruen\">Deich- und Hauptsielverband Krempermarsch<\/h3>\n<p class=\"normal\">Blomestra\u00dfe 60<br \/>\n25524 Heiligenstedten<\/p>\n<p>Tel.: 04821-403938-0<br \/>\nFax: 04821-403938-9<br \/>\nE-mail:\u00a0<a href=\"mailto:info@dhsv-krempermarsch.de\">info@dhsv-krempermarsch.de<\/a>[\/vc_column_text][\/vc_column_inner][\/vc_row_inner][\/vc_column][\/vc_row][vc_row][vc_column width=&#8220;1\/4&#8243; offset=&#8220;vc_col-lg-3 vc_col-md-offset-0 vc_col-md-6&#8243;][vc_column_text]<\/p>\n<h3 class=\"fett-gruen\">Deich- und Sielverband<br \/>\nF\u00f6hr<\/h3>\n<p class=\"normal\">Am Wasserwerk 1<br \/>\n25938 Wrixum<\/p>\n<p>Tel.: 04681-5928-0<br \/>\nFax: 04681-5928-20<br \/>\nE-mail:\u00a0<a href=\"mailto:dsv-foehr@t-online.de\">dsv-foehr@t-online.de<\/a><\/p>\n<p><a href=\"https:\/\/www.dsv-foehr.de\" target=\"_blank\" rel=\"noopener\">https:\/\/www.dsv-foehr.de<\/a>[\/vc_column_text][\/vc_column][vc_column width=&#8220;1\/4&#8243; offset=&#8220;vc_col-lg-3 vc_col-md-offset-0 vc_col-md-6&#8243;][vc_column_text]<\/p>\n<h3 class=\"fett-gruen\">Wasser- und Bodenverband Ostholstein<\/h3>\n<p class=\"normal\">Oberonstr. 1<br \/>\n23701 Eutin<\/p>\n<p>Tel.: 04521-70690-0<br \/>\nFax: 04521-70690-20<br \/>\nE-mail:<a href=\"mailto:info@wbv-oh.de\">info@wbv-oh.de<\/a><br \/>\n<a href=\"https:\/\/www.wbv-oh.de\" target=\"_blank\" rel=\"noopener\">https:\/\/www.wbv-oh.de<\/a>[\/vc_column_text][\/vc_column][vc_column width=&#8220;1\/4&#8243; offset=&#8220;vc_col-lg-3 vc_col-md-offset-0 vc_col-md-6&#8243;][vc_column_text]<\/p>\n<h3 class=\"fett-gruen\">Deich- und Hauptsielverband S\u00fcdwestholstein<\/h3>\n<p>Deutsch-Ordens-Stra\u00dfe 2a<br \/>\n25551 Hohenlockstedt<\/p>\n<p>Tel.: 0482-3767399 (Zentrale)<br \/>\nE-Mail: <a href=\"mailto:info@dhsv-swh.de\">info@dhsv-swh.de<\/a><\/p>\n<p><a href=\"https:\/\/dhsv-swh.de\" target=\"_blank\" rel=\"noopener\">https:\/\/dhsv-swh.de<\/a>[\/vc_column_text][\/vc_column][vc_column width=&#8220;1\/4&#8243; offset=&#8220;vc_col-lg-3 vc_col-md-offset-0 vc_col-md-6&#8243;][vc_column_text]<\/p>\n<h3 class=\"fett-gruen\">Gew\u00e4sser- und Landschaftsverband Herzogtum Lauenburg<\/h3>\n<p class=\"normal\">Robert-Bosch-Str. 21 a<br \/>\n23909 Ratzeburg<\/p>\n<p>Tel.: 04541-857088-0<br \/>\nFax: 04541-857088-1<br \/>\nE-mail:\u00a0<a href=\"mailto:info@glv-rz.de\">info@glv-rz.de<\/a><br \/>\n<a href=\"https:\/\/www.glv-rz.de\" target=\"_blank\" rel=\"noopener\">https:\/\/www.glv-rz.de<\/a>[\/vc_column_text][\/vc_column][\/vc_row][vc_row full_width=&#8220;stretch_row&#8220; bg_type=&#8220;bg_color&#8220; bg_color_value=&#8220;#f4f6fa&#8220;][vc_column width=&#8220;1\/4&#8243;][vc_column_text]<\/p>\n<h3 class=\"fett-gruen\">Deich- und Hauptsielverband<br \/>\nSeesterm\u00fcher Marsch<\/h3>\n<p class=\"normal\">Gesch\u00e4ftsstelle:<br \/>\nGuLV im Kreis Pinneberg<br \/>\nHauptstra\u00dfe 23<br \/>\n25489 Haseldorf<\/p>\n<p>Tel.: 04129-9559239<br \/>\nFax: 04129-9557193<br \/>\nE-mail:<a href=\"mailto:info@gulv-pi.de\" target=\"_blank\" rel=\"noopener\"> info@gulv-pi.de<\/a><br \/>\n<a href=\"https:\/\/gulv-pi.de\" target=\"_blank\" rel=\"noopener\">https:\/\/gulv-pi.de<\/a>[\/vc_column_text][\/vc_column][vc_column width=&#8220;1\/4&#8243;][vc_column_text]<\/p>\n<h3 class=\"fett-gruen\">Deich- und Hauptsielverband<br \/>\nHaseldorfer Marsch<\/h3>\n<p>Gesch\u00e4ftsstelle:<br \/>\nGuLV im Kreis Pinneberg<br \/>\nHauptstra\u00dfe 23<br \/>\n25489 Haseldorf<\/p>\n<p>Tel.: 04129-9559239<br \/>\nFax: 04129-9557193<br \/>\nE-mail:<a href=\"mailto:info@gulv-pi.de\" target=\"_blank\" rel=\"noopener\"> info@gulv-pi.de<\/a><br \/>\n<a href=\"https:\/\/gulv-pi.de\" target=\"_blank\" rel=\"noopener\">https:\/\/gulv-pi.de<\/a>[\/vc_column_text][\/vc_column][vc_column width=&#8220;1\/4&#8243;][vc_column_text]<\/p>\n<h3 class=\"fett-gruen\">Gew\u00e4sser- und Landschaftsverband Wagrien-Fehmarn<\/h3>\n<p class=\"normal\">Heiligenhafener Chaussee 35a<br \/>\n23758 Oldenburg i. H.<\/p>\n<p>Tel.: 04361-507750<br \/>\nFax: 04361-5077555<br \/>\nE-mail:\u00a0<a href=\"mailto:info@gulv.de\">info@gulv.de<\/a><\/p>\n<p><a href=\"http:\/\/www.gulv.de\" target=\"_blank\" rel=\"noopener\">http:\/\/www.gulv.de<\/a>[\/vc_column_text][\/vc_column][vc_column width=&#8220;1\/4&#8243;][vc_column_text]<\/p>\n<h3 class=\"fett-gruen\">Gew\u00e4sserunterhaltungsverband<br \/>\nTrave<\/h3>\n<p class=\"normal\">An der Autobahn 1<br \/>\n23619 Hamberge<\/p>\n<p>E-mail: <a href=\"guvtrave@gmail.com\" target=\"_blank\" rel=\"noopener\">guvtrave@gmail.com<\/a><br \/>\n<a href=\"https:\/\/www.guvtrave.de\" target=\"_blank\" rel=\"noopener\">www.guvtrave.de<\/a>[\/vc_column_text][\/vc_column][\/vc_row]<\/p>\n<\/div>","protected":false},"excerpt":{"rendered":"<p>[vc_row][vc_column][vc_column_text] Hauptverb\u00e4nde [\/vc_column_text][vc_row_inner][vc_column_inner width=&#8220;1\/4&#8243; offset=&#8220;vc_col-lg-offset-0 vc_col-lg-3 vc_col-md-offset-0 vc_col-md-6&#8243;][vc_column_text] Deich- und Hauptsielverband S\u00fcdwesth\u00f6rn-Bongsiel Heie-Juuler-W\u00e4i 1 25920 Risum-Lindholm Tel.: 04661-6003-10 Fax.: 04661-6003-15 E-mail:\u00a0info@deichbauamt.de https:\/\/www.deichbauamt.de[\/vc_column_text][\/vc_column_inner][vc_column_inner width=&#8220;1\/4&#8243; offset=&#8220;vc_col-lg-3 vc_col-md-offset-0 vc_col-md-6&#8243;][vc_column_text] Deich- und Hauptsielverband Eiderstedt Poppenb\u00fcller Stra\u00dfe 13 25836 Garding Tel.: 04862-10446-0 Fax: 04862-10446-99 E-mail:\u00a0info@dhsv-eiderstedt https:\/\/www.dhsv-eiderstedt.de\u00a0 [\/vc_column_text][\/vc_column_inner][vc_column_inner width=&#8220;1\/4&#8243; offset=&#8220;vc_col-lg-3 vc_col-md-offset-0 vc_col-md-6&#8243;][vc_column_text] Eider-Treene-Verband Hauptstr. 1 25794 Pahlen Tel.: 04803-501 Fax: 04803-587&hellip;<\/p>\n","protected":false},"author":3,"featured_media":0,"parent":0,"menu_order":0,"comment_status":"closed","ping_status":"open","template":"page-members.php","meta":{"footnotes":""},"yoast_head":"<!-- This site is optimized with the Yoast SEO plugin v22.8 - https:\/\/yoast.com\/wordpress\/plugins\/seo\/ -->\n<title>Hauptverb\u00e4nde - Landesverband der Wasser- und Bodenverb\u00e4nde<\/title>\n<meta name=\"robots\" content=\"index, follow, max-snippet:-1, max-image-preview:large, max-video-preview:-1\" \/>\n<link rel=\"canonical\" href=\"https:\/\/www.lwbv.de\/lwbv\/mitglieder\/hauptverbaende\/\" \/>\n<meta property=\"og:locale\" content=\"de_DE\" \/>\n<meta property=\"og:type\" content=\"article\" \/>\n<meta property=\"og:title\" content=\"Hauptverb\u00e4nde - Landesverband der Wasser- und Bodenverb\u00e4nde\" \/>\n<meta property=\"og:description\" content=\"[vc_row][vc_column][vc_column_text] Hauptverb\u00e4nde [\/vc_column_text][vc_row_inner][vc_column_inner width=&#8220;1\/4&#8243; offset=&#8220;vc_col-lg-offset-0 vc_col-lg-3 vc_col-md-offset-0 vc_col-md-6&#8243;][vc_column_text] Deich- und Hauptsielverband S\u00fcdwesth\u00f6rn-Bongsiel Heie-Juuler-W\u00e4i 1 25920 Risum-Lindholm Tel.: 04661-6003-10 Fax.: 04661-6003-15 E-mail:\u00a0info@deichbauamt.de https:\/\/www.deichbauamt.de[\/vc_column_text][\/vc_column_inner][vc_column_inner width=&#8220;1\/4&#8243; offset=&#8220;vc_col-lg-3 vc_col-md-offset-0 vc_col-md-6&#8243;][vc_column_text] Deich- und Hauptsielverband Eiderstedt Poppenb\u00fcller Stra\u00dfe 13 25836 Garding Tel.: 04862-10446-0 Fax: 04862-10446-99 E-mail:\u00a0info@dhsv-eiderstedt https:\/\/www.dhsv-eiderstedt.de\u00a0 [\/vc_column_text][\/vc_column_inner][vc_column_inner width=&#8220;1\/4&#8243; offset=&#8220;vc_col-lg-3 vc_col-md-offset-0 vc_col-md-6&#8243;][vc_column_text] Eider-Treene-Verband Hauptstr. 1 25794 Pahlen Tel.: 04803-501 Fax: 04803-587&hellip;\" \/>\n<meta property=\"og:url\" content=\"https:\/\/www.lwbv.de\/lwbv\/mitglieder\/hauptverbaende\/\" \/>\n<meta property=\"og:site_name\" content=\"Landesverband der Wasser- und Bodenverb\u00e4nde\" \/>\n<meta property=\"article:modified_time\" content=\"2024-03-26T13:25:52+00:00\" \/>\n<meta name=\"twitter:card\" content=\"summary_large_image\" \/>\n<meta name=\"twitter:label1\" content=\"Gesch\u00e4tzte Lesezeit\" \/>\n\t<meta name=\"twitter:data1\" content=\"2\u00a0Minuten\" \/>\n<script type=\"application\/ld+json\" class=\"yoast-schema-graph\">{\"@context\":\"https:\/\/schema.org\",\"@graph\":[{\"@type\":\"WebPage\",\"@id\":\"https:\/\/www.lwbv.de\/lwbv\/mitglieder\/hauptverbaende\/\",\"url\":\"https:\/\/www.lwbv.de\/lwbv\/mitglieder\/hauptverbaende\/\",\"name\":\"Hauptverb\u00e4nde - Landesverband der Wasser- und Bodenverb\u00e4nde\",\"isPartOf\":{\"@id\":\"https:\/\/www.lwbv.de\/lwbv\/#website\"},\"datePublished\":\"2018-07-05T11:18:46+00:00\",\"dateModified\":\"2024-03-26T13:25:52+00:00\",\"breadcrumb\":{\"@id\":\"https:\/\/www.lwbv.de\/lwbv\/mitglieder\/hauptverbaende\/#breadcrumb\"},\"inLanguage\":\"de\",\"potentialAction\":[{\"@type\":\"ReadAction\",\"target\":[\"https:\/\/www.lwbv.de\/lwbv\/mitglieder\/hauptverbaende\/\"]}]},{\"@type\":\"BreadcrumbList\",\"@id\":\"https:\/\/www.lwbv.de\/lwbv\/mitglieder\/hauptverbaende\/#breadcrumb\",\"itemListElement\":[{\"@type\":\"ListItem\",\"position\":1,\"name\":\"Startseite\",\"item\":\"https:\/\/www.lwbv.de\/lwbv\/\"},{\"@type\":\"ListItem\",\"position\":2,\"name\":\"Hauptverb\u00e4nde\"}]},{\"@type\":\"WebSite\",\"@id\":\"https:\/\/www.lwbv.de\/lwbv\/#website\",\"url\":\"https:\/\/www.lwbv.de\/lwbv\/\",\"name\":\"Landesverband der Wasser- und Bodenverb\u00e4nde\",\"description\":\"\",\"potentialAction\":[{\"@type\":\"SearchAction\",\"target\":{\"@type\":\"EntryPoint\",\"urlTemplate\":\"https:\/\/www.lwbv.de\/lwbv\/?s={search_term_string}\"},\"query-input\":\"required name=search_term_string\"}],\"inLanguage\":\"de\"}]}<\/script>\n<!-- \/ Yoast SEO plugin. -->","yoast_head_json":{"title":"Hauptverb\u00e4nde - Landesverband der Wasser- und Bodenverb\u00e4nde","robots":{"index":"index","follow":"follow","max-snippet":"max-snippet:-1","max-image-preview":"max-image-preview:large","max-video-preview":"max-video-preview:-1"},"canonical":"https:\/\/www.lwbv.de\/lwbv\/mitglieder\/hauptverbaende\/","og_locale":"de_DE","og_type":"article","og_title":"Hauptverb\u00e4nde - Landesverband der Wasser- und Bodenverb\u00e4nde","og_description":"[vc_row][vc_column][vc_column_text] Hauptverb\u00e4nde [\/vc_column_text][vc_row_inner][vc_column_inner width=&#8220;1\/4&#8243; offset=&#8220;vc_col-lg-offset-0 vc_col-lg-3 vc_col-md-offset-0 vc_col-md-6&#8243;][vc_column_text] Deich- und Hauptsielverband S\u00fcdwesth\u00f6rn-Bongsiel Heie-Juuler-W\u00e4i 1 25920 Risum-Lindholm Tel.: 04661-6003-10 Fax.: 04661-6003-15 E-mail:\u00a0info@deichbauamt.de https:\/\/www.deichbauamt.de[\/vc_column_text][\/vc_column_inner][vc_column_inner width=&#8220;1\/4&#8243; offset=&#8220;vc_col-lg-3 vc_col-md-offset-0 vc_col-md-6&#8243;][vc_column_text] Deich- und Hauptsielverband Eiderstedt Poppenb\u00fcller Stra\u00dfe 13 25836 Garding Tel.: 04862-10446-0 Fax: 04862-10446-99 E-mail:\u00a0info@dhsv-eiderstedt https:\/\/www.dhsv-eiderstedt.de\u00a0 [\/vc_column_text][\/vc_column_inner][vc_column_inner width=&#8220;1\/4&#8243; offset=&#8220;vc_col-lg-3 vc_col-md-offset-0 vc_col-md-6&#8243;][vc_column_text] Eider-Treene-Verband Hauptstr. 1 25794 Pahlen Tel.: 04803-501 Fax: 04803-587&hellip;","og_url":"https:\/\/www.lwbv.de\/lwbv\/mitglieder\/hauptverbaende\/","og_site_name":"Landesverband der Wasser- und Bodenverb\u00e4nde","article_modified_time":"2024-03-26T13:25:52+00:00","twitter_card":"summary_large_image","twitter_misc":{"Gesch\u00e4tzte Lesezeit":"2\u00a0Minuten"},"schema":{"@context":"https:\/\/schema.org","@graph":[{"@type":"WebPage","@id":"https:\/\/www.lwbv.de\/lwbv\/mitglieder\/hauptverbaende\/","url":"https:\/\/www.lwbv.de\/lwbv\/mitglieder\/hauptverbaende\/","name":"Hauptverb\u00e4nde - Landesverband der Wasser- und Bodenverb\u00e4nde","isPartOf":{"@id":"https:\/\/www.lwbv.de\/lwbv\/#website"},"datePublished":"2018-07-05T11:18:46+00:00","dateModified":"2024-03-26T13:25:52+00:00","breadcrumb":{"@id":"https:\/\/www.lwbv.de\/lwbv\/mitglieder\/hauptverbaende\/#breadcrumb"},"inLanguage":"de","potentialAction":[{"@type":"ReadAction","target":["https:\/\/www.lwbv.de\/lwbv\/mitglieder\/hauptverbaende\/"]}]},{"@type":"BreadcrumbList","@id":"https:\/\/www.lwbv.de\/lwbv\/mitglieder\/hauptverbaende\/#breadcrumb","itemListElement":[{"@type":"ListItem","position":1,"name":"Startseite","item":"https:\/\/www.lwbv.de\/lwbv\/"},{"@type":"ListItem","position":2,"name":"Hauptverb\u00e4nde"}]},{"@type":"WebSite","@id":"https:\/\/www.lwbv.de\/lwbv\/#website","url":"https:\/\/www.lwbv.de\/lwbv\/","name":"Landesverband der Wasser- und Bodenverb\u00e4nde","description":"","potentialAction":[{"@type":"SearchAction","target":{"@type":"EntryPoint","urlTemplate":"https:\/\/www.lwbv.de\/lwbv\/?s={search_term_string}"},"query-input":"required name=search_term_string"}],"inLanguage":"de"}]}},"_links":{"self":[{"href":"https:\/\/www.lwbv.de\/lwbv\/wp-json\/wp\/v2\/pages\/381"}],"collection":[{"href":"https:\/\/www.lwbv.de\/lwbv\/wp-json\/wp\/v2\/pages"}],"about":[{"href":"https:\/\/www.lwbv.de\/lwbv\/wp-json\/wp\/v2\/types\/page"}],"author":[{"embeddable":true,"href":"https:\/\/www.lwbv.de\/lwbv\/wp-json\/wp\/v2\/users\/3"}],"replies":[{"embeddable":true,"href":"https:\/\/www.lwbv.de\/lwbv\/wp-json\/wp\/v2\/comments?post=381"}],"version-history":[{"count":33,"href":"https:\/\/www.lwbv.de\/lwbv\/wp-json\/wp\/v2\/pages\/381\/revisions"}],"predecessor-version":[{"id":2807,"href":"https:\/\/www.lwbv.de\/lwbv\/wp-json\/wp\/v2\/pages\/381\/revisions\/2807"}],"wp:attachment":[{"href":"https:\/\/www.lwbv.de\/lwbv\/wp-json\/wp\/v2\/media?parent=381"}],"curies":[{"name":"wp","href":"https:\/\/api.w.org\/{rel}","templated":true}]}}