{"id":388,"date":"2018-07-05T13:36:16","date_gmt":"2018-07-05T11:36:16","guid":{"rendered":"http:\/\/lwbv.de.lot\/?page_id=388"},"modified":"2026-01-16T09:39:29","modified_gmt":"2026-01-16T08:39:29","slug":"wasserverbaende","status":"publish","type":"page","link":"https:\/\/www.lwbv.de\/lwbv\/mitglieder\/wasserverbaende\/","title":{"rendered":"Wasserverb\u00e4nde"},"content":{"rendered":"<div class=\"wpb-content-wrapper\"><p>[vc_row][vc_column][vc_btn title=&#8220;Karte der Wasserverb\u00e4nde&#8220; css=&#8220;&#8220; link=&#8220;url:https%3A%2F%2Fwww.lwbv.de%2Flwbv%2Fwp-content%2Fuploads%2F2025%2F08%2FWasserverbaende.pdf|target:_blank&#8220;][vc_column_text]<\/p>\n<h1>Wasserverb\u00e4nde<\/h1>\n<p>[\/vc_column_text][vc_row_inner][vc_column_inner width=&#8220;1\/4&#8243; offset=&#8220;vc_col-lg-3 vc_col-md-offset-0 vc_col-md-6&#8243;][vc_column_text]<\/p>\n<h3 class=\"fett-gruen\">Wasserbeschaffungsverband<br \/>\nEiderstedt<\/h3>\n<p class=\"normal\">Nordergeestweg 19<br \/>\n25836 Garding<\/p>\n<p>Tel.: 04862-1007-0<br \/>\nFax: 04862-1007-22<br \/>\nE-mail:\u00a0wasser(at)wbv-eiderstedt.de[\/vc_column_text][\/vc_column_inner][vc_column_inner width=&#8220;1\/4&#8243; offset=&#8220;vc_col-lg-3 vc_col-md-offset-0 vc_col-md-6&#8243;][vc_column_text]<\/p>\n<h3 class=\"fett-gruen\">Wasserverband<br \/>\nS\u00fcderdithmarschen<\/h3>\n<p class=\"normal\">Hauptstr. 7<br \/>\n25704 Nindorf\/Meldorf<\/p>\n<p>Tel.: 04832-9020<br \/>\nFax: 04832-2915<br \/>\nE-mail:\u00a0info(at)wv-suederdithmarschen.de[\/vc_column_text][\/vc_column_inner][vc_column_inner width=&#8220;1\/4&#8243; offset=&#8220;vc_col-lg-3 vc_col-md-offset-0 vc_col-md-6&#8243;][vc_column_text css=&#8220;&#8220;]<\/p>\n<h3 class=\"fett-gruen\">Wasserbeschaffungsverband<br \/>\nFehmarn<\/h3>\n<p class=\"fett-gruen\"><span class=\"normal\">Strukkamp 69<br \/>\n23769 Fehmarn<\/span><\/p>\n<p>Tel.: 04371-2039<br \/>\nFax: 04371-2099<br \/>\nE-mail: verwaltung(at)wbv-fehmarn.de[\/vc_column_text][\/vc_column_inner][vc_column_inner width=&#8220;1\/4&#8243; offset=&#8220;vc_col-lg-3 vc_col-md-offset-0 vc_col-md-6&#8243;][vc_column_text]<\/p>\n<h3 class=\"fett-gruen\">Wasserverband<br \/>\nNord<\/h3>\n<p class=\"fett-gruen\"><span class=\"normal\">Wanderuper Weg 23<br \/>\n24988 Oeversee<\/span><\/p>\n<p>Tel.: 04638-8955-0<br \/>\nFax: 04638-8955-55<br \/>\nE-mail:\u00a0info(at)wv-nord.de[\/vc_column_text][\/vc_column_inner][\/vc_row_inner][\/vc_column][\/vc_row][vc_row full_width=&#8220;stretch_row&#8220; bg_type=&#8220;bg_color&#8220; bg_color_value=&#8220;#f4f6fa&#8220;][vc_column][vc_row_inner][vc_column_inner width=&#8220;1\/4&#8243; offset=&#8220;vc_col-lg-3 vc_col-md-offset-0 vc_col-md-6&#8243;][vc_column_text]<\/p>\n<h3 class=\"fett-gruen\">Wasserbeschaffungsverband<br \/>\nF\u00f6hr<\/h3>\n<p class=\"fett-gruen\"><span class=\"normal\">Am Wasserwerk 1<br \/>\n25938 Wrixum<\/span><\/p>\n<p>Tel.: 04681-5928-0<br \/>\nFax: 04681-5928-20<br \/>\nE-mail:\u00a0info(at)wbv-foehr.de[\/vc_column_text][\/vc_column_inner][vc_column_inner width=&#8220;1\/4&#8243; offset=&#8220;vc_col-lg-3 vc_col-md-offset-0 vc_col-md-6&#8243;][vc_column_text]<\/p>\n<h3 class=\"fett-gruen\">Wasserbeschaffungsverband<br \/>\nMittelschwansen<\/h3>\n<p class=\"normal\">Aschenberg 3<br \/>\n24369 Waabs<\/p>\n<p>Tel.: 04352-956808<br \/>\nFax: 04352-9117559<br \/>\nE-mail:\u00a0info(at)wbv-mittelschwansen.de[\/vc_column_text][\/vc_column_inner][vc_column_inner width=&#8220;1\/4&#8243; offset=&#8220;vc_col-lg-3 vc_col-md-offset-0 vc_col-md-6&#8243;][vc_column_text]<\/p>\n<h3 class=\"fett-gruen\">Wasserbeschaffungsverband<br \/>\nHaseldorfer Marsch<\/h3>\n<p class=\"normal\">Schmiedeweg 12<br \/>\n25436 Moorrege<\/p>\n<p>Tel.: 04122-8071 o. 72<br \/>\nFax: 04122-83838<br \/>\nE-mail: info(at)wbv-haseldorfermarsch.de[\/vc_column_text][\/vc_column_inner][vc_column_inner width=&#8220;1\/4&#8243; offset=&#8220;vc_col-lg-3 vc_col-md-offset-0 vc_col-md-6&#8243;][vc_column_text]<\/p>\n<h3 class=\"fett-gruen\">Wasserbeschaffungsverband<br \/>\nMittleres St\u00f6rgebiet<\/h3>\n<p class=\"normal\">Siek 60<br \/>\n24616 Brokstedt<\/p>\n<p>Tel.: 04324-88240-0<br \/>\nFax: 04324-88240-24<br \/>\nE-mail:\u00a0<a href=\"mailto:info@wbv-brokstedt.de\">i<\/a>nfo(at)wbv-brokstedt.de[\/vc_column_text][\/vc_column_inner][\/vc_row_inner][\/vc_column][\/vc_row][vc_row][vc_column width=&#8220;1\/4&#8243; offset=&#8220;vc_col-lg-3 vc_col-md-offset-0 vc_col-md-6&#8243;][vc_column_text]<\/p>\n<h3 class=\"fett-gruen\">Wasserverband<br \/>\nKrempermarsch<\/h3>\n<p class=\"normal\">Am Wasserwerk 5<br \/>\n25358 Horst-Hahnenkamp<\/p>\n<p>Tel.: 04121-4570-0<br \/>\nFax: 04121-4570-45<br \/>\nE-mail:\u00a0info(at)wv-krempermarsch.de[\/vc_column_text][\/vc_column][vc_column width=&#8220;1\/4&#8243; offset=&#8220;vc_col-lg-3 vc_col-md-offset-0 vc_col-md-6&#8243;][vc_column_text]<\/p>\n<h3 class=\"fett-gruen\">Wasserverband<br \/>\nNorderdithmarschen<\/h3>\n<p class=\"normal\">Nordstrander Str. 26<br \/>\n25746 Heide<\/p>\n<p>Tel.: 0481-901-0<br \/>\nFax: 0481-901-33<br \/>\nE-mail:\u00a0info(at)wv-norderdithmarschen.de[\/vc_column_text][\/vc_column][vc_column width=&#8220;1\/4&#8243; offset=&#8220;vc_col-lg-3 vc_col-md-offset-0 vc_col-md-6&#8243;][vc_column_text]<\/p>\n<h3>Wasserbeschaffungsverband<br \/>\nMitteleider<\/h3>\n<p>Ohlrade 22 \u2013 24<br \/>\n24803 Erfde<\/p>\n<p>Tel.: 04333-99710<br \/>\nFax: 04333-997131<br \/>\nE-mail: info(at)wbv-mitteleider.de[\/vc_column_text][\/vc_column][vc_column width=&#8220;1\/4&#8243; offset=&#8220;vc_col-lg-3 vc_col-md-offset-0 vc_col-md-6&#8243;][vc_column_text css=&#8220;&#8220;]<\/p>\n<h3 class=\"fett-gruen\">Wasserbeschaffungsverband<br \/>\nPanker-Giekau<\/h3>\n<p class=\"normal\">Im Dorfe 70<br \/>\n24217 Krummbek<\/p>\n<p>Tel.: 04344-9543<br \/>\nFax: 04344-4609<br \/>\nE-mail: info(at)wbvpg.de[\/vc_column_text][\/vc_column][\/vc_row][vc_row full_width=&#8220;stretch_row&#8220; bg_type=&#8220;bg_color&#8220; bg_color_value=&#8220;#f4f6fa&#8220;][vc_column width=&#8220;1\/4&#8243; offset=&#8220;vc_col-lg-3 vc_col-md-offset-0 vc_col-md-6&#8243;][vc_column_text]<\/p>\n<h3 class=\"fett-gruen\">Wasserverband<br \/>\nTreene<\/h3>\n<p class=\"fett-gruen\"><span class=\"normal\">Osterwittbekfeld Nr. 40<br \/>\n25872 Wittbek<\/span><\/p>\n<p>Tel.: 04845-707-0<br \/>\nFax: 04845-707-33<br \/>\nE-mail: info(at)wv-treene.de[\/vc_column_text][\/vc_column][vc_column width=&#8220;1\/4&#8243; offset=&#8220;vc_col-lg-3 vc_col-md-offset-0 vc_col-md-6&#8243;][vc_column_text css=&#8220;&#8220;]<\/p>\n<h3 class=\"fett-gruen\">Wasserverband<br \/>\nUnteres St\u00f6rgebiet<\/h3>\n<p class=\"fett-gruen\">Alter Kasernenweg 2<br \/>\n25524 Breitenburg-Nordoe<\/p>\n<p>Tel.: 04821-779090<br \/>\nEmail: info(at)wv-ust.de[\/vc_column_text][\/vc_column][vc_column width=&#8220;1\/4&#8243; offset=&#8220;vc_col-lg-3 vc_col-md-offset-0 vc_col-md-6&#8243;][vc_column_text]<\/p>\n<h3 class=\"fett-gruen\">Wasserf\u00f6rderverband<br \/>\nQuickborn<\/h3>\n<p class=\"fett-gruen\"><span class=\"normal\">Pinneberger Str. 2<br \/>\n25451 Quickborn<\/span><\/p>\n<p>Tel.: 04106-6161-16<br \/>\nFax: 04106-6161-61<br \/>\nE-mail: info(at)stadtwerke-quickborn.de[\/vc_column_text][\/vc_column][vc_column width=&#8220;1\/4&#8243;][vc_column_text css=&#8220;&#8220;]<\/p>\n<h3 class=\"fett-gruen\">Wasserbeschaffungsverband<br \/>\nBad Oldesloe-Land<\/h3>\n<p>Louise-Zietz-Stra\u00dfe 4<\/p>\n<p>23843 Bad Oldesloe<\/p>\n<p>Tel.: 04531-1761-27<br \/>\nFax: 04531-1761-60<br \/>\nE-mail: zentrale(at)amt-bad-oldesloe-land.de[\/vc_column_text][\/vc_column][\/vc_row][vc_row][vc_column width=&#8220;1\/4&#8243; offset=&#8220;vc_col-lg-3 vc_col-md-offset-0 vc_col-md-6&#8243;][vc_column_text]<\/p>\n<h3 class=\"fett-gruen\">Wasserbeschaffungsverband<br \/>\nD\u00e4nischer Wohld<\/h3>\n<p class=\"fett-gruen\"><span class=\"normal\">Am Wasserwerk 1<br \/>\n24229 Schwedeneck<\/span><\/p>\n<p>Tel.: 04308-312<br \/>\nFax: 04308-182717<br \/>\nE-mail: postmaster(at)wasserwerk.krusendorf.de[\/vc_column_text][\/vc_column][vc_column width=&#8220;1\/4&#8243; offset=&#8220;vc_col-lg-3 vc_col-md-offset-0 vc_col-md-6&#8243;][vc_column_text css=&#8220;&#8220;]<\/p>\n<h3 class=\"fett-gruen\">Wasserbeschaffungsverband<br \/>\nF\u00fcsing<\/h3>\n<p class=\"fett-gruen\">An den Toften 6d<br \/>\n24882 Schaalby OT F\u00fcsing<\/p>\n<p>Tel.: 04622-9839367<br \/>\nEmail: WBV-fuesing(at)outlook.de[\/vc_column_text][\/vc_column][vc_column width=&#8220;1\/4&#8243; offset=&#8220;vc_col-lg-3 vc_col-md-offset-0 vc_col-md-6&#8243;][vc_column_text]<\/p>\n<h3 class=\"fett-gruen\">Wasserbeschaffungsverband<br \/>\nKastorf<\/h3>\n<p class=\"fett-gruen\"><span class=\"normal\">Amt Berkenthin<br \/>\nAm Schart 16<br \/>\n23919 Berkenthin<\/span><\/p>\n<p>Tel.: 04544-8001-0<br \/>\nFax: 04544-8001-31<br \/>\nE-mail:\u00a0info(at)amt-berkenthin.de[\/vc_column_text][\/vc_column][vc_column width=&#8220;1\/4&#8243; offset=&#8220;vc_col-lg-3 vc_col-md-offset-0 vc_col-md-6&#8243;][vc_column_text css=&#8220;&#8220;]<\/p>\n<h3>Wasserbeschaffungsverband<br \/>\nMehlby-Faul\u00fcck<\/h3>\n<p>Gr\u00f6dersby-Hof 2<br \/>\n24376 Gr\u00f6dersby<\/p>\n<p>Tel.: 04642-4344<\/p>\n<p>Email: vorstand(at)wbv-mehlby-faulueck.de[\/vc_column_text][\/vc_column][\/vc_row][vc_row full_width=&#8220;stretch_row&#8220; bg_type=&#8220;bg_color&#8220; bg_color_value=&#8220;#f4f6fa&#8220;][vc_column width=&#8220;1\/4&#8243; offset=&#8220;vc_col-lg-3 vc_col-md-offset-0 vc_col-md-6&#8243;][vc_column_text]<\/p>\n<h3 class=\"fett-gruen\">Wasserbeschaffungsverband<br \/>\nMittelangeln<\/h3>\n<p class=\"fett-gruen\"><span class=\"normal\">Spenting 10<br \/>\n24405 Mohrkirch<\/span><\/p>\n<p>Tel.: 04646-99027-1<br \/>\nFax: 04646-99027-2<br \/>\nEmail: info(at)wbv-mittelangeln.de[\/vc_column_text][\/vc_column][vc_column width=&#8220;1\/4&#8243; offset=&#8220;vc_col-lg-3 vc_col-md-offset-0 vc_col-md-6&#8243;][vc_column_text]<\/p>\n<h3 class=\"fett-gruen\">Wasserverband<br \/>\nNordangeln<\/h3>\n<p class=\"fett-gruen\"><span class=\"normal\">Am Wasserwerk 1 a<br \/>\n24972 Steinbergkirche<\/span><\/p>\n<p>Tel.: 04632-7700<br \/>\nFax: 04632-1531<br \/>\nE-mail:\u00a0wwsteinbergkirche(at)wv-nordangeln.de<br \/>\nHomepage: www.wv-nordangeln.de[\/vc_column_text][\/vc_column][vc_column width=&#8220;1\/4&#8243; offset=&#8220;vc_col-lg-3 vc_col-md-offset-0 vc_col-md-6&#8243;][vc_column_text]<\/p>\n<h3 class=\"fett-gruen\">Wasserbeschaffungsverband<br \/>\nNordschwansen<\/h3>\n<p class=\"fett-gruen\"><span class=\"normal\">Espenisstr. 24<br \/>\n24376 Kappeln<\/span><\/p>\n<p>Tel.: 04642-98430<br \/>\nFax: 04642-8580<br \/>\nEmail: info(at)wbv-nordschwansen.de[\/vc_column_text][\/vc_column][vc_column width=&#8220;1\/4&#8243;][vc_column_text css=&#8220;&#8220;]<\/p>\n<h3 class=\"fett-gruen\">Wasserbeschaffungsverband<br \/>\nReinfeld-Land<\/h3>\n<p class=\"fett-gruen\"><span class=\"normal\">Amt Nordstormarn<br \/>\nAm Schiefen Kamp 10<br \/>\n23858 Reinfeld<\/span><\/p>\n<p>Tel.: 04533-2009-450<br \/>\nFax: 04533-2009-75<br \/>\nE-mail:\u00a0wbv-reinfeld-land(at)amt-nordstormarn.de[\/vc_column_text][\/vc_column][\/vc_row][vc_row][vc_column width=&#8220;1\/4&#8243; offset=&#8220;vc_col-lg-3 vc_col-md-offset-0 vc_col-md-6&#8243;][vc_column_text css=&#8220;&#8220;]<\/p>\n<h3 class=\"fett-gruen\">Wasserbeschaffungsverband<br \/>\nRumohr<\/h3>\n<p class=\"fett-gruen\"><span class=\"normal\">Amt Bordesholm-Land<br \/>\nM\u00fchlenstr. 7<br \/>\n24582 Bordesholm<\/span><\/p>\n<p>Tel.: 04322-695-0<br \/>\nFax: 04322-695-164<br \/>\nE-mail: sunna.soehrmann(at)bordesholm.de[\/vc_column_text][\/vc_column][vc_column width=&#8220;1\/4&#8243; offset=&#8220;vc_col-lg-3 vc_col-md-offset-0 vc_col-md-6&#8243;][vc_column_text css=&#8220;&#8220;]<\/p>\n<h3 class=\"fett-gruen\">Wasserbeschaffungsverband<br \/>\nStormarn&#8217;sche Schweiz<\/h3>\n<p class=\"fett-gruen\"><span class=\"normal\">Heideweg 10<br \/>\n22952 L\u00fctjensee<\/span><\/p>\n<p>Tel.: 04154-70154<br \/>\nFax: 04154-709789<br \/>\nE-mail: info(at)wbv-stormarn.de[\/vc_column_text][\/vc_column][vc_column width=&#8220;1\/4&#8243; offset=&#8220;vc_col-lg-3 vc_col-md-offset-0 vc_col-md-6&#8243;][vc_column_text]<\/p>\n<h3 class=\"fett-gruen\">Wasserbeschaffungsverband<br \/>\nS\u00fcdangeln<\/h3>\n<p class=\"fett-gruen\"><span class=\"normal\">Amt S\u00fcdangeln<br \/>\nToft 7<br \/>\n24860 B\u00f6klund<\/span><\/p>\n<p>Tel.: 04623-78-313 oder -312<br \/>\nFax: 04623-78-440<br \/>\nE-mail: \u00a0wbv(at)amt-suedangeln.de<br \/>\nInternet: <a href=\"http:\/\/www.wbv-suedangeln.de\" target=\"_blank\" rel=\"noopener\">www.wbv-suedangeln.de<\/a>[\/vc_column_text][\/vc_column][\/vc_row][vc_row full_width=&#8220;stretch_row&#8220; bg_type=&#8220;bg_color&#8220; bg_color_value=&#8220;#f4f6fa&#8220;][vc_column width=&#8220;1\/4&#8243; offset=&#8220;vc_col-lg-offset-0 vc_col-lg-3 vc_col-md-6&#8243;][vc_column_text css=&#8220;&#8220;]<\/p>\n<h3 class=\"fett-gruen\">Wasserbeschaffungsverband<br \/>\nThumby<\/h3>\n<p>Eslingholz 9<br \/>\n24891 Schnarup-Thumby<\/p>\n<p>E-mail: kontakt(at)wbv-thumby.de[\/vc_column_text][\/vc_column][vc_column width=&#8220;1\/4&#8243; offset=&#8220;vc_col-lg-3 vc_col-md-offset-0 vc_col-md-6&#8243;][vc_column_text css=&#8220;&#8220;]<\/p>\n<h3 class=\"fett-gruen\">Wasserbeschaffungsverband<br \/>\nWakendorf I<\/h3>\n<p class=\"fett-gruen\"><span class=\"normal\">Amt Trave-Land<br \/>\nWaldemar-v.-Mohl-Str. 10<br \/>\n23795 Bad Segeberg<\/span><\/p>\n<p>Tel.: 04551-990837<br \/>\nFax: 04551-9908737<br \/>\nE-mail: silvia.jess-skoczynski(at)amt-trave-land.de[\/vc_column_text][\/vc_column][vc_column width=&#8220;1\/4&#8243; offset=&#8220;vc_col-lg-3 vc_col-md-offset-0 vc_col-md-6&#8243;][vc_column_text css=&#8220;&#8220;]<\/p>\n<h3 class=\"fett-gruen\">Wasserbeschaffungsverband<br \/>\nWippendorf<\/h3>\n<p>Gr\u00fcne Stra\u00dfe 2<br \/>\n24402 Esgrus<\/p>\n<p>Tel.: 04646-990271<\/p>\n<p>Email: wbv-wippendorf(at)freenet.de[\/vc_column_text][\/vc_column][vc_column width=&#8220;1\/4&#8243; offset=&#8220;vc_col-lg-3 vc_col-md-offset-0 vc_col-md-6&#8243;][\/vc_column][\/vc_row][vc_row][vc_column width=&#8220;1\/4&#8243; offset=&#8220;vc_col-lg-3 vc_col-md-offset-0 vc_col-md-6&#8243;][\/vc_column][vc_column width=&#8220;1\/4&#8243; offset=&#8220;vc_col-lg-3 vc_col-md-offset-0 vc_col-md-6&#8243;][\/vc_column][\/vc_row][vc_row][vc_column][\/vc_column][\/vc_row]<\/p>\n<\/div>","protected":false},"excerpt":{"rendered":"<p>[vc_row][vc_column][vc_btn title=&#8220;Karte der Wasserverb\u00e4nde&#8220; css=&#8220;&#8220; link=&#8220;url:https%3A%2F%2Fwww.lwbv.de%2Flwbv%2Fwp-content%2Fuploads%2F2025%2F08%2FWasserverbaende.pdf|target:_blank&#8220;][vc_column_text] Wasserverb\u00e4nde [\/vc_column_text][vc_row_inner][vc_column_inner width=&#8220;1\/4&#8243; offset=&#8220;vc_col-lg-3 vc_col-md-offset-0 vc_col-md-6&#8243;][vc_column_text] Wasserbeschaffungsverband Eiderstedt Nordergeestweg 19 25836 Garding Tel.: 04862-1007-0 Fax: 04862-1007-22 E-mail:\u00a0wasser(at)wbv-eiderstedt.de[\/vc_column_text][\/vc_column_inner][vc_column_inner width=&#8220;1\/4&#8243; offset=&#8220;vc_col-lg-3 vc_col-md-offset-0 vc_col-md-6&#8243;][vc_column_text] Wasserverband S\u00fcderdithmarschen Hauptstr. 7 25704 Nindorf\/Meldorf Tel.: 04832-9020 Fax: 04832-2915 E-mail:\u00a0info(at)wv-suederdithmarschen.de[\/vc_column_text][\/vc_column_inner][vc_column_inner width=&#8220;1\/4&#8243; offset=&#8220;vc_col-lg-3 vc_col-md-offset-0 vc_col-md-6&#8243;][vc_column_text css=&#8220;&#8220;] Wasserbeschaffungsverband Fehmarn Strukkamp 69 23769 Fehmarn Tel.: 04371-2039 Fax: 04371-2099 E-mail: verwaltung(at)wbv-fehmarn.de[\/vc_column_text][\/vc_column_inner][vc_column_inner&hellip;<\/p>\n","protected":false},"author":3,"featured_media":0,"parent":0,"menu_order":0,"comment_status":"closed","ping_status":"open","template":"page-members.php","meta":{"footnotes":""},"yoast_head":"<!-- This site is optimized with the Yoast SEO plugin v22.8 - https:\/\/yoast.com\/wordpress\/plugins\/seo\/ -->\n<title>Wasserverb\u00e4nde - Landesverband der Wasser- und Bodenverb\u00e4nde<\/title>\n<meta name=\"robots\" content=\"index, follow, max-snippet:-1, max-image-preview:large, max-video-preview:-1\" \/>\n<link rel=\"canonical\" href=\"https:\/\/www.lwbv.de\/lwbv\/mitglieder\/wasserverbaende\/\" \/>\n<meta property=\"og:locale\" content=\"de_DE\" \/>\n<meta property=\"og:type\" content=\"article\" \/>\n<meta property=\"og:title\" content=\"Wasserverb\u00e4nde - Landesverband der Wasser- und Bodenverb\u00e4nde\" \/>\n<meta property=\"og:description\" content=\"[vc_row][vc_column][vc_btn title=&#8220;Karte der Wasserverb\u00e4nde&#8220; css=&#8220;&#8220; link=&#8220;url:https%3A%2F%2Fwww.lwbv.de%2Flwbv%2Fwp-content%2Fuploads%2F2025%2F08%2FWasserverbaende.pdf|target:_blank&#8220;][vc_column_text] Wasserverb\u00e4nde [\/vc_column_text][vc_row_inner][vc_column_inner width=&#8220;1\/4&#8243; offset=&#8220;vc_col-lg-3 vc_col-md-offset-0 vc_col-md-6&#8243;][vc_column_text] Wasserbeschaffungsverband Eiderstedt Nordergeestweg 19 25836 Garding Tel.: 04862-1007-0 Fax: 04862-1007-22 E-mail:\u00a0wasser(at)wbv-eiderstedt.de[\/vc_column_text][\/vc_column_inner][vc_column_inner width=&#8220;1\/4&#8243; offset=&#8220;vc_col-lg-3 vc_col-md-offset-0 vc_col-md-6&#8243;][vc_column_text] Wasserverband S\u00fcderdithmarschen Hauptstr. 7 25704 Nindorf\/Meldorf Tel.: 04832-9020 Fax: 04832-2915 E-mail:\u00a0info(at)wv-suederdithmarschen.de[\/vc_column_text][\/vc_column_inner][vc_column_inner width=&#8220;1\/4&#8243; offset=&#8220;vc_col-lg-3 vc_col-md-offset-0 vc_col-md-6&#8243;][vc_column_text css=&#8220;&#8220;] Wasserbeschaffungsverband Fehmarn Strukkamp 69 23769 Fehmarn Tel.: 04371-2039 Fax: 04371-2099 E-mail: verwaltung(at)wbv-fehmarn.de[\/vc_column_text][\/vc_column_inner][vc_column_inner&hellip;\" \/>\n<meta property=\"og:url\" content=\"https:\/\/www.lwbv.de\/lwbv\/mitglieder\/wasserverbaende\/\" \/>\n<meta property=\"og:site_name\" content=\"Landesverband der Wasser- und Bodenverb\u00e4nde\" \/>\n<meta property=\"article:modified_time\" content=\"2026-01-16T08:39:29+00:00\" \/>\n<meta name=\"twitter:card\" content=\"summary_large_image\" \/>\n<meta name=\"twitter:label1\" content=\"Gesch\u00e4tzte Lesezeit\" \/>\n\t<meta name=\"twitter:data1\" content=\"4\u00a0Minuten\" \/>\n<script type=\"application\/ld+json\" class=\"yoast-schema-graph\">{\"@context\":\"https:\/\/schema.org\",\"@graph\":[{\"@type\":\"WebPage\",\"@id\":\"https:\/\/www.lwbv.de\/lwbv\/mitglieder\/wasserverbaende\/\",\"url\":\"https:\/\/www.lwbv.de\/lwbv\/mitglieder\/wasserverbaende\/\",\"name\":\"Wasserverb\u00e4nde - Landesverband der Wasser- und Bodenverb\u00e4nde\",\"isPartOf\":{\"@id\":\"https:\/\/www.lwbv.de\/lwbv\/#website\"},\"datePublished\":\"2018-07-05T11:36:16+00:00\",\"dateModified\":\"2026-01-16T08:39:29+00:00\",\"breadcrumb\":{\"@id\":\"https:\/\/www.lwbv.de\/lwbv\/mitglieder\/wasserverbaende\/#breadcrumb\"},\"inLanguage\":\"de\",\"potentialAction\":[{\"@type\":\"ReadAction\",\"target\":[\"https:\/\/www.lwbv.de\/lwbv\/mitglieder\/wasserverbaende\/\"]}]},{\"@type\":\"BreadcrumbList\",\"@id\":\"https:\/\/www.lwbv.de\/lwbv\/mitglieder\/wasserverbaende\/#breadcrumb\",\"itemListElement\":[{\"@type\":\"ListItem\",\"position\":1,\"name\":\"Startseite\",\"item\":\"https:\/\/www.lwbv.de\/lwbv\/\"},{\"@type\":\"ListItem\",\"position\":2,\"name\":\"Wasserverb\u00e4nde\"}]},{\"@type\":\"WebSite\",\"@id\":\"https:\/\/www.lwbv.de\/lwbv\/#website\",\"url\":\"https:\/\/www.lwbv.de\/lwbv\/\",\"name\":\"Landesverband der Wasser- und Bodenverb\u00e4nde\",\"description\":\"\",\"potentialAction\":[{\"@type\":\"SearchAction\",\"target\":{\"@type\":\"EntryPoint\",\"urlTemplate\":\"https:\/\/www.lwbv.de\/lwbv\/?s={search_term_string}\"},\"query-input\":\"required name=search_term_string\"}],\"inLanguage\":\"de\"}]}<\/script>\n<!-- \/ Yoast SEO plugin. -->","yoast_head_json":{"title":"Wasserverb\u00e4nde - Landesverband der Wasser- und Bodenverb\u00e4nde","robots":{"index":"index","follow":"follow","max-snippet":"max-snippet:-1","max-image-preview":"max-image-preview:large","max-video-preview":"max-video-preview:-1"},"canonical":"https:\/\/www.lwbv.de\/lwbv\/mitglieder\/wasserverbaende\/","og_locale":"de_DE","og_type":"article","og_title":"Wasserverb\u00e4nde - Landesverband der Wasser- und Bodenverb\u00e4nde","og_description":"[vc_row][vc_column][vc_btn title=&#8220;Karte der Wasserverb\u00e4nde&#8220; css=&#8220;&#8220; link=&#8220;url:https%3A%2F%2Fwww.lwbv.de%2Flwbv%2Fwp-content%2Fuploads%2F2025%2F08%2FWasserverbaende.pdf|target:_blank&#8220;][vc_column_text] Wasserverb\u00e4nde [\/vc_column_text][vc_row_inner][vc_column_inner width=&#8220;1\/4&#8243; offset=&#8220;vc_col-lg-3 vc_col-md-offset-0 vc_col-md-6&#8243;][vc_column_text] Wasserbeschaffungsverband Eiderstedt Nordergeestweg 19 25836 Garding Tel.: 04862-1007-0 Fax: 04862-1007-22 E-mail:\u00a0wasser(at)wbv-eiderstedt.de[\/vc_column_text][\/vc_column_inner][vc_column_inner width=&#8220;1\/4&#8243; offset=&#8220;vc_col-lg-3 vc_col-md-offset-0 vc_col-md-6&#8243;][vc_column_text] Wasserverband S\u00fcderdithmarschen Hauptstr. 7 25704 Nindorf\/Meldorf Tel.: 04832-9020 Fax: 04832-2915 E-mail:\u00a0info(at)wv-suederdithmarschen.de[\/vc_column_text][\/vc_column_inner][vc_column_inner width=&#8220;1\/4&#8243; offset=&#8220;vc_col-lg-3 vc_col-md-offset-0 vc_col-md-6&#8243;][vc_column_text css=&#8220;&#8220;] Wasserbeschaffungsverband Fehmarn Strukkamp 69 23769 Fehmarn Tel.: 04371-2039 Fax: 04371-2099 E-mail: verwaltung(at)wbv-fehmarn.de[\/vc_column_text][\/vc_column_inner][vc_column_inner&hellip;","og_url":"https:\/\/www.lwbv.de\/lwbv\/mitglieder\/wasserverbaende\/","og_site_name":"Landesverband der Wasser- und Bodenverb\u00e4nde","article_modified_time":"2026-01-16T08:39:29+00:00","twitter_card":"summary_large_image","twitter_misc":{"Gesch\u00e4tzte Lesezeit":"4\u00a0Minuten"},"schema":{"@context":"https:\/\/schema.org","@graph":[{"@type":"WebPage","@id":"https:\/\/www.lwbv.de\/lwbv\/mitglieder\/wasserverbaende\/","url":"https:\/\/www.lwbv.de\/lwbv\/mitglieder\/wasserverbaende\/","name":"Wasserverb\u00e4nde - Landesverband der Wasser- und Bodenverb\u00e4nde","isPartOf":{"@id":"https:\/\/www.lwbv.de\/lwbv\/#website"},"datePublished":"2018-07-05T11:36:16+00:00","dateModified":"2026-01-16T08:39:29+00:00","breadcrumb":{"@id":"https:\/\/www.lwbv.de\/lwbv\/mitglieder\/wasserverbaende\/#breadcrumb"},"inLanguage":"de","potentialAction":[{"@type":"ReadAction","target":["https:\/\/www.lwbv.de\/lwbv\/mitglieder\/wasserverbaende\/"]}]},{"@type":"BreadcrumbList","@id":"https:\/\/www.lwbv.de\/lwbv\/mitglieder\/wasserverbaende\/#breadcrumb","itemListElement":[{"@type":"ListItem","position":1,"name":"Startseite","item":"https:\/\/www.lwbv.de\/lwbv\/"},{"@type":"ListItem","position":2,"name":"Wasserverb\u00e4nde"}]},{"@type":"WebSite","@id":"https:\/\/www.lwbv.de\/lwbv\/#website","url":"https:\/\/www.lwbv.de\/lwbv\/","name":"Landesverband der Wasser- und Bodenverb\u00e4nde","description":"","potentialAction":[{"@type":"SearchAction","target":{"@type":"EntryPoint","urlTemplate":"https:\/\/www.lwbv.de\/lwbv\/?s={search_term_string}"},"query-input":"required name=search_term_string"}],"inLanguage":"de"}]}},"_links":{"self":[{"href":"https:\/\/www.lwbv.de\/lwbv\/wp-json\/wp\/v2\/pages\/388"}],"collection":[{"href":"https:\/\/www.lwbv.de\/lwbv\/wp-json\/wp\/v2\/pages"}],"about":[{"href":"https:\/\/www.lwbv.de\/lwbv\/wp-json\/wp\/v2\/types\/page"}],"author":[{"embeddable":true,"href":"https:\/\/www.lwbv.de\/lwbv\/wp-json\/wp\/v2\/users\/3"}],"replies":[{"embeddable":true,"href":"https:\/\/www.lwbv.de\/lwbv\/wp-json\/wp\/v2\/comments?post=388"}],"version-history":[{"count":47,"href":"https:\/\/www.lwbv.de\/lwbv\/wp-json\/wp\/v2\/pages\/388\/revisions"}],"predecessor-version":[{"id":3104,"href":"https:\/\/www.lwbv.de\/lwbv\/wp-json\/wp\/v2\/pages\/388\/revisions\/3104"}],"wp:attachment":[{"href":"https:\/\/www.lwbv.de\/lwbv\/wp-json\/wp\/v2\/media?parent=388"}],"curies":[{"name":"wp","href":"https:\/\/api.w.org\/{rel}","templated":true}]}}