{"id":399,"date":"2018-07-05T14:02:45","date_gmt":"2018-07-05T12:02:45","guid":{"rendered":"http:\/\/lwbv.de.lot\/?page_id=399"},"modified":"2018-08-14T13:27:57","modified_gmt":"2018-08-14T11:27:57","slug":"pro-gewaesser","status":"publish","type":"page","link":"https:\/\/www.lwbv.de\/lwbv\/dbvw\/pro-gewaesser\/","title":{"rendered":"Pro Gew\u00e4sser"},"content":{"rendered":"<div class=\"wpb-content-wrapper\"><p>[vc_row][vc_column][vc_column_text]<\/p>\n<div class=\"section intro clearfix\">\n<h1>Pro Gew\u00e4sser.<\/h1>\n<h3>Wir k\u00fcmmern uns &#8211; vor Ort<\/h3>\n<div class=\"section intro newsIntro clearfix\">\n<div class=\"p\">\n<p>Hier finden Sie aktuelle Meldungen zu\u00a0<a href=\"http:\/\/www.progewaesser.de\/\" target=\"_blank\" rel=\"noopener\">Pro Gew\u00e4sser<\/a><\/p>\n<\/div>\n<\/div>\n<div class=\"section news clearfix\">\n<div class=\"textContainer clearfix\"><\/div>\n<\/div>\n<\/div>\n<p>[\/vc_column_text][\/vc_column][\/vc_row][vc_row][vc_column]<style type=\"text\/css\" data-type=\"the7_shortcodes-inline-css\">.blog-shortcode.blog-list-shortcode-id-b13e804b29c1fcd160640794a5f45b02.dividers-on.classic-layout-list article {\n  margin-top: 50px;\n  padding-top: 0;\n}\n.blog-shortcode.blog-list-shortcode-id-b13e804b29c1fcd160640794a5f45b02.dividers-on.classic-layout-list article:first-of-type {\n  margin-top: 0;\n  padding-top: 0;\n}\n.blog-shortcode.blog-list-shortcode-id-b13e804b29c1fcd160640794a5f45b02.classic-layout-list.mode-list .post-thumbnail-wrap {\n  width: 25%;\n}\n.blog-shortcode.blog-list-shortcode-id-b13e804b29c1fcd160640794a5f45b02.classic-layout-list.mode-list .post-entry-content {\n  width: calc(100% - 25%);\n}\n.blog-shortcode.blog-list-shortcode-id-b13e804b29c1fcd160640794a5f45b02.classic-layout-list.mode-list .no-img .post-entry-content {\n  width: 100%;\n}\n.blog-shortcode.blog-list-shortcode-id-b13e804b29c1fcd160640794a5f45b02 .filter-bg-decoration .filter-categories a.act {\n  color: #fff;\n}\n.blog-shortcode.blog-list-shortcode-id-b13e804b29c1fcd160640794a5f45b02:not(.mode-masonry) article {\n  margin-top: 50px;\n}\n.blog-shortcode.blog-list-shortcode-id-b13e804b29c1fcd160640794a5f45b02:not(.mode-masonry) article:first-of-type,\n.blog-shortcode.blog-list-shortcode-id-b13e804b29c1fcd160640794a5f45b02:not(.mode-masonry) article.visible.first:not(.product) {\n  margin-top: 0;\n}\n.blog-shortcode.blog-list-shortcode-id-b13e804b29c1fcd160640794a5f45b02.dividers-on:not(.mode-masonry) article {\n  margin-top: 0;\n  padding-top: 50px;\n}\n.blog-shortcode.blog-list-shortcode-id-b13e804b29c1fcd160640794a5f45b02.dividers-on:not(.mode-masonry) article:first-of-type,\n.blog-shortcode.blog-list-shortcode-id-b13e804b29c1fcd160640794a5f45b02.dividers-on:not(.mode-masonry) article.visible.first:not(.product) {\n  margin-top: 0;\n  padding-top: 0;\n}\n.blog-shortcode.blog-list-shortcode-id-b13e804b29c1fcd160640794a5f45b02 .post-thumbnail-wrap {\n  padding: 0px 0px 0px 0px;\n}\n.blog-shortcode.blog-list-shortcode-id-b13e804b29c1fcd160640794a5f45b02.enable-bg-rollover .post-thumbnail-rollover:after {\n  background: -webkit-linear-gradient();\n  background: linear-gradient();\n}\n.blog-shortcode.blog-list-shortcode-id-b13e804b29c1fcd160640794a5f45b02 .gallery-zoom-ico {\n  width: 44px;\n  height: 44px;\n  line-height: 44px;\n  border-radius: 100px;\n  margin: -22px 0 0 -22px;\n  border-width: 0px;\n  color: #ffffff;\n}\n.bottom-overlap-layout-list.blog-shortcode.blog-list-shortcode-id-b13e804b29c1fcd160640794a5f45b02 .gallery-zoom-ico {\n  margin-top: -22px;\n}\n.gradient-overlay-layout-list.blog-shortcode.blog-list-shortcode-id-b13e804b29c1fcd160640794a5f45b02 .gallery-zoom-ico,\n.content-rollover-layout-list.blog-shortcode.blog-list-shortcode-id-b13e804b29c1fcd160640794a5f45b02 .gallery-zoom-ico {\n  margin: 0 0 10px;\n}\n.content-align-center.gradient-overlay-layout-list.blog-shortcode.blog-list-shortcode-id-b13e804b29c1fcd160640794a5f45b02 .gallery-zoom-ico,\n.content-align-center.content-rollover-layout-list.blog-shortcode.blog-list-shortcode-id-b13e804b29c1fcd160640794a5f45b02 .gallery-zoom-ico {\n  margin: 0 auto 10px;\n}\n.dt-icon-bg-on.blog-shortcode.blog-list-shortcode-id-b13e804b29c1fcd160640794a5f45b02 .gallery-zoom-ico {\n  background: rgba(255,255,255,0.3);\n  box-shadow: none;\n}\n.blog-shortcode.blog-list-shortcode-id-b13e804b29c1fcd160640794a5f45b02 .gallery-zoom-ico > span,\n.blog-shortcode.blog-list-shortcode-id-b13e804b29c1fcd160640794a5f45b02 .gallery-zoom-ico:before {\n  font-size: 32px;\n  line-height: 44px;\n}\n.blog-shortcode.blog-list-shortcode-id-b13e804b29c1fcd160640794a5f45b02 .gallery-zoom-ico > span,\n.blog-shortcode.blog-list-shortcode-id-b13e804b29c1fcd160640794a5f45b02 .gallery-zoom-ico:before {\n  color: #ffffff;\n}\n.blog-shortcode.blog-list-shortcode-id-b13e804b29c1fcd160640794a5f45b02 .fancy-date a {\n  background: #ffffff;\n  box-shadow: none;\n}\n.blog-shortcode.blog-list-shortcode-id-b13e804b29c1fcd160640794a5f45b02 .fancy-date a * {\n  color: #2d2d2d;\n}\n.blog-shortcode.blog-list-shortcode-id-b13e804b29c1fcd160640794a5f45b02 .entry-title,\n.blog-shortcode.blog-list-shortcode-id-b13e804b29c1fcd160640794a5f45b02.owl-carousel .entry-title {\n  margin-bottom: 5px;\n  font-weight: bold;\n}\n.blog-shortcode.blog-list-shortcode-id-b13e804b29c1fcd160640794a5f45b02 .entry-meta {\n  margin-bottom: 15px;\n}\n.blog-shortcode.blog-list-shortcode-id-b13e804b29c1fcd160640794a5f45b02 .portfolio-categories {\n  margin-bottom: 15px;\n}\n.blog-shortcode.blog-list-shortcode-id-b13e804b29c1fcd160640794a5f45b02 .entry-excerpt {\n  margin-bottom: 5px;\n}\n.blog-shortcode.blog-list-shortcode-id-b13e804b29c1fcd160640794a5f45b02:not(.centered-layout-list) .post-entry-content {\n  padding: 25px 30px 30px 30px;\n}\n.blog-shortcode.blog-list-shortcode-id-b13e804b29c1fcd160640794a5f45b02:not(.centered-layout-list):not(.content-bg-on):not(.mode-list) .no-img .post-entry-content {\n  padding: 0;\n}\n@media screen and (max-width: 768px) {\n  .blog-shortcode.blog-list-shortcode-id-b13e804b29c1fcd160640794a5f45b02 article {\n    -ms-flex-flow: column nowrap;\n    flex-flow: column nowrap;\n    margin-top: 20px;\n  }\n  .blog-shortcode.blog-list-shortcode-id-b13e804b29c1fcd160640794a5f45b02.dividers-on article {\n    border: none;\n  }\n  .blog-shortcode.blog-list-shortcode-id-b13e804b29c1fcd160640794a5f45b02.content-bg-on.centered-layout-list article {\n    padding: 0;\n  }\n  .blog-shortcode.blog-list-shortcode-id-b13e804b29c1fcd160640794a5f45b02.blog-shortcode.dividers-on article,\n  .blog-shortcode.blog-list-shortcode-id-b13e804b29c1fcd160640794a5f45b02.dividers-on.classic-layout-list article {\n    margin-top: 20px;\n    padding: 0;\n  }\n  .blog-shortcode.blog-list-shortcode-id-b13e804b29c1fcd160640794a5f45b02.blog-shortcode.dividers-on article:first-of-type,\n  .blog-shortcode.blog-list-shortcode-id-b13e804b29c1fcd160640794a5f45b02.dividers-on.classic-layout-list article:first-of-type {\n    padding: 0;\n  }\n  #page .blog-shortcode.blog-list-shortcode-id-b13e804b29c1fcd160640794a5f45b02 .post-thumbnail-wrap,\n  #page .blog-shortcode.blog-list-shortcode-id-b13e804b29c1fcd160640794a5f45b02 .post-entry-content {\n    width: 100%;\n    margin: 0;\n    top: 0;\n  }\n  #page .blog-shortcode.blog-list-shortcode-id-b13e804b29c1fcd160640794a5f45b02 .post-thumbnail-wrap {\n    padding: 0;\n  }\n  #page .blog-shortcode.blog-list-shortcode-id-b13e804b29c1fcd160640794a5f45b02 .post-entry-content:after {\n    display: none;\n  }\n  #page .blog-shortcode.blog-list-shortcode-id-b13e804b29c1fcd160640794a5f45b02 .project-even .post-thumbnail-wrap,\n  #page .blog-shortcode.blog-list-shortcode-id-b13e804b29c1fcd160640794a5f45b02.centered-layout-list .post-thumbnail-wrap {\n    -ms-flex-order: 0;\n    order: 0;\n  }\n  #page .blog-shortcode.blog-list-shortcode-id-b13e804b29c1fcd160640794a5f45b02.centered-layout-list .post-entry-title-content {\n    -ms-flex-order: 1;\n    order: 1;\n    width: 100%;\n    padding: 20px 20px 0;\n  }\n  #page .blog-shortcode.blog-list-shortcode-id-b13e804b29c1fcd160640794a5f45b02.centered-layout-list .post-entry-content {\n    -ms-flex-order: 2;\n    order: 2;\n    padding-top: 0;\n  }\n  #page .blog-shortcode.blog-list-shortcode-id-b13e804b29c1fcd160640794a5f45b02 .fancy-categories {\n    top: 10px;\n    left: 10px;\n    bottom: auto;\n    right: auto;\n  }\n  #page .blog-shortcode.blog-list-shortcode-id-b13e804b29c1fcd160640794a5f45b02 .fancy-date a {\n    top: 10px;\n    right: 10px;\n    left: auto;\n    bottom: auto;\n  }\n  #page .blog-shortcode.blog-list-shortcode-id-b13e804b29c1fcd160640794a5f45b02 .post-entry-content {\n    padding: 20px;\n  }\n  #page .blog-shortcode.blog-list-shortcode-id-b13e804b29c1fcd160640794a5f45b02 .entry-title {\n    margin: 3px 0 5px;\n    font-size: 20px;\n    line-height: 26px;\n  }\n  #page .blog-shortcode.blog-list-shortcode-id-b13e804b29c1fcd160640794a5f45b02 .entry-meta {\n    margin: 5px 0 5px;\n  }\n  #page .blog-shortcode.blog-list-shortcode-id-b13e804b29c1fcd160640794a5f45b02 .entry-excerpt {\n    margin: 15px 0 0;\n  }\n  #page .blog-shortcode.blog-list-shortcode-id-b13e804b29c1fcd160640794a5f45b02 .post-details {\n    margin: 5px 0 10px;\n  }\n  #page .blog-shortcode.blog-list-shortcode-id-b13e804b29c1fcd160640794a5f45b02 .post-details.details-type-link {\n    margin-bottom: 2px;\n  }\n}\n<\/style><div class=\"articles-list blog-shortcode mode-list blog-list-shortcode-id-b13e804b29c1fcd160640794a5f45b02 classic-layout-list jquery-filter scale-img dt-icon-bg-off loading-effect-fade-in\" data-cur-page=\"1\" data-post-limit=\"-1\" data-pagination-mode=\"none\"><article class=\"post project-odd visible post-405 type-post status-publish format-standard has-post-thumbnail hentry category-pro-gewaesser category-18 description-off\" data-name=\"WBV Neust\u00e4dter Binnenwasser: &#8222;Es ist eine tolle Sache geworden&#8220;\" data-date=\"2018-07-05T14:10:36+02:00\">\n\n<div class=\"post-thumbnail-wrap\">\n\t<div class=\"post-thumbnail\">\n\n\t\t\n\t\t\n\t\t<a href=\"https:\/\/www.lwbv.de\/lwbv\/dbvw\/pro-gewaesser\/wbv-neustaedter-binnenwasser-es-ist-eine-tolle-sache-geworden\/\" class=\"post-thumbnail-rollover layzr-bg layzr-bg\" ><img fetchpriority=\"high\" decoding=\"async\" class=\"blog-thumb-lazy-load preload-me lazy-load aspect\" src=\"data:image\/svg+xml,%3Csvg%20xmlns%3D&#39;http%3A%2F%2Fwww.w3.org%2F2000%2Fsvg&#39;%20viewBox%3D&#39;0%200%20495%20330&#39;%2F%3E\" data-src=\"https:\/\/www.lwbv.de\/lwbv\/wp-content\/uploads\/2018\/07\/1_Aktu_Sandfang2_140918-495x330.jpg\" data-srcset=\"https:\/\/www.lwbv.de\/lwbv\/wp-content\/uploads\/2018\/07\/1_Aktu_Sandfang2_140918-495x330.jpg 495w\" loading=\"eager\" style=\"--ratio: 495 \/ 330\" sizes=\"(max-width: 495px) 100vw, 495px\" alt=\"Pro Gew\u00e4sser - Nach nur einem Jahr: erfreulich positive Entwicklung der Flora und Fauna an der Kremper Au - Landesverband der Wasser- und Bodenverb\u00e4nde\" title=\"1_Aktu_Sandfang2_140918\" width=\"495\" height=\"330\"  \/><\/a>\n\t<\/div>\n<\/div>\n\n\n<div class=\"post-entry-content\">\n\n\t<h3 class=\"entry-title\">\n\t\t<a href=\"https:\/\/www.lwbv.de\/lwbv\/dbvw\/pro-gewaesser\/wbv-neustaedter-binnenwasser-es-ist-eine-tolle-sache-geworden\/\" title=\"WBV Neust\u00e4dter Binnenwasser: &#8222;Es ist eine tolle Sache geworden&#8220;\" rel=\"bookmark\">WBV Neust\u00e4dter Binnenwasser: &#8222;Es ist eine tolle Sache geworden&#8220;<\/a>\n\t<\/h3>\n\n\t\n\t<div class=\"entry-excerpt\"><p>[vc_row][vc_column][vc_column_text] WBV Neust\u00e4dter Binnenwasser: &#8222;Es ist eine tolle Sache geworden&#8220; [\/vc_column_text][vc_single_image image=&#8220;407&#8243; img_size=&#8220;full&#8220;][vc_column_text]\u201eEs ist eine tolle Sache geworden&#8220; Zahlreiche G\u00e4ste folgten der Einladung des WBV Neust\u00e4dter Binnenwasser am 18.9.2014, um die Entwicklung des vor einem Jahr naturnah umgestalteten Teilst\u00fccks der Kremper Au mit Sandfang und Sohlgleite zu besichtigen, welches damals mit den Mitteln der EG-Wasserrahmenrichtlinie&hellip;<\/p>\n<\/div>\n\t\n<a href=\"https:\/\/www.lwbv.de\/lwbv\/dbvw\/pro-gewaesser\/wbv-neustaedter-binnenwasser-es-ist-eine-tolle-sache-geworden\/\" class=\"post-details details-type-link\" aria-label=\"Read more about WBV Neust\u00e4dter Binnenwasser: &#8222;Es ist eine tolle Sache geworden&#8220;\">Artikel lesen<i class=\"dt-icon-the7-arrow-03\" aria-hidden=\"true\"><\/i><\/a>\n\n<\/div><\/article><\/div>[\/vc_column][\/vc_row]<\/p>\n<\/div>","protected":false},"excerpt":{"rendered":"<p>[vc_row][vc_column][vc_column_text] Pro Gew\u00e4sser. Wir k\u00fcmmern uns &#8211; vor Ort Hier finden Sie aktuelle Meldungen zu\u00a0Pro Gew\u00e4sser [\/vc_column_text][\/vc_column][\/vc_row][vc_row][vc_column][\/vc_column][\/vc_row]<\/p>\n","protected":false},"author":3,"featured_media":0,"parent":0,"menu_order":0,"comment_status":"closed","ping_status":"open","template":"","meta":{"footnotes":""},"yoast_head":"<!-- This site is optimized with the Yoast SEO plugin v22.8 - https:\/\/yoast.com\/wordpress\/plugins\/seo\/ -->\n<title>Pro Gew\u00e4sser - Landesverband der Wasser- und Bodenverb\u00e4nde<\/title>\n<meta name=\"robots\" content=\"index, follow, max-snippet:-1, max-image-preview:large, max-video-preview:-1\" \/>\n<link rel=\"canonical\" href=\"https:\/\/www.lwbv.de\/lwbv\/dbvw\/pro-gewaesser\/\" \/>\n<meta property=\"og:locale\" content=\"de_DE\" \/>\n<meta property=\"og:type\" content=\"article\" \/>\n<meta property=\"og:title\" content=\"Pro Gew\u00e4sser - Landesverband der Wasser- und Bodenverb\u00e4nde\" \/>\n<meta property=\"og:description\" content=\"[vc_row][vc_column][vc_column_text] Pro Gew\u00e4sser. Wir k\u00fcmmern uns &#8211; vor Ort Hier finden Sie aktuelle Meldungen zu\u00a0Pro Gew\u00e4sser [\/vc_column_text][\/vc_column][\/vc_row][vc_row][vc_column][\/vc_column][\/vc_row]\" \/>\n<meta property=\"og:url\" content=\"https:\/\/www.lwbv.de\/lwbv\/dbvw\/pro-gewaesser\/\" \/>\n<meta property=\"og:site_name\" content=\"Landesverband der Wasser- und Bodenverb\u00e4nde\" \/>\n<meta property=\"article:modified_time\" content=\"2018-08-14T11:27:57+00:00\" \/>\n<meta name=\"twitter:card\" content=\"summary_large_image\" \/>\n<script type=\"application\/ld+json\" class=\"yoast-schema-graph\">{\"@context\":\"https:\/\/schema.org\",\"@graph\":[{\"@type\":\"WebPage\",\"@id\":\"https:\/\/www.lwbv.de\/lwbv\/dbvw\/pro-gewaesser\/\",\"url\":\"https:\/\/www.lwbv.de\/lwbv\/dbvw\/pro-gewaesser\/\",\"name\":\"Pro Gew\u00e4sser - Landesverband der Wasser- und Bodenverb\u00e4nde\",\"isPartOf\":{\"@id\":\"https:\/\/www.lwbv.de\/lwbv\/#website\"},\"datePublished\":\"2018-07-05T12:02:45+00:00\",\"dateModified\":\"2018-08-14T11:27:57+00:00\",\"breadcrumb\":{\"@id\":\"https:\/\/www.lwbv.de\/lwbv\/dbvw\/pro-gewaesser\/#breadcrumb\"},\"inLanguage\":\"de\",\"potentialAction\":[{\"@type\":\"ReadAction\",\"target\":[\"https:\/\/www.lwbv.de\/lwbv\/dbvw\/pro-gewaesser\/\"]}]},{\"@type\":\"BreadcrumbList\",\"@id\":\"https:\/\/www.lwbv.de\/lwbv\/dbvw\/pro-gewaesser\/#breadcrumb\",\"itemListElement\":[{\"@type\":\"ListItem\",\"position\":1,\"name\":\"Startseite\",\"item\":\"https:\/\/www.lwbv.de\/lwbv\/\"},{\"@type\":\"ListItem\",\"position\":2,\"name\":\"Pro Gew\u00e4sser\"}]},{\"@type\":\"WebSite\",\"@id\":\"https:\/\/www.lwbv.de\/lwbv\/#website\",\"url\":\"https:\/\/www.lwbv.de\/lwbv\/\",\"name\":\"Landesverband der Wasser- und Bodenverb\u00e4nde\",\"description\":\"\",\"potentialAction\":[{\"@type\":\"SearchAction\",\"target\":{\"@type\":\"EntryPoint\",\"urlTemplate\":\"https:\/\/www.lwbv.de\/lwbv\/?s={search_term_string}\"},\"query-input\":\"required name=search_term_string\"}],\"inLanguage\":\"de\"}]}<\/script>\n<!-- \/ Yoast SEO plugin. -->","yoast_head_json":{"title":"Pro Gew\u00e4sser - Landesverband der Wasser- und Bodenverb\u00e4nde","robots":{"index":"index","follow":"follow","max-snippet":"max-snippet:-1","max-image-preview":"max-image-preview:large","max-video-preview":"max-video-preview:-1"},"canonical":"https:\/\/www.lwbv.de\/lwbv\/dbvw\/pro-gewaesser\/","og_locale":"de_DE","og_type":"article","og_title":"Pro Gew\u00e4sser - Landesverband der Wasser- und Bodenverb\u00e4nde","og_description":"[vc_row][vc_column][vc_column_text] Pro Gew\u00e4sser. Wir k\u00fcmmern uns &#8211; vor Ort Hier finden Sie aktuelle Meldungen zu\u00a0Pro Gew\u00e4sser [\/vc_column_text][\/vc_column][\/vc_row][vc_row][vc_column][\/vc_column][\/vc_row]","og_url":"https:\/\/www.lwbv.de\/lwbv\/dbvw\/pro-gewaesser\/","og_site_name":"Landesverband der Wasser- und Bodenverb\u00e4nde","article_modified_time":"2018-08-14T11:27:57+00:00","twitter_card":"summary_large_image","schema":{"@context":"https:\/\/schema.org","@graph":[{"@type":"WebPage","@id":"https:\/\/www.lwbv.de\/lwbv\/dbvw\/pro-gewaesser\/","url":"https:\/\/www.lwbv.de\/lwbv\/dbvw\/pro-gewaesser\/","name":"Pro Gew\u00e4sser - Landesverband der Wasser- und Bodenverb\u00e4nde","isPartOf":{"@id":"https:\/\/www.lwbv.de\/lwbv\/#website"},"datePublished":"2018-07-05T12:02:45+00:00","dateModified":"2018-08-14T11:27:57+00:00","breadcrumb":{"@id":"https:\/\/www.lwbv.de\/lwbv\/dbvw\/pro-gewaesser\/#breadcrumb"},"inLanguage":"de","potentialAction":[{"@type":"ReadAction","target":["https:\/\/www.lwbv.de\/lwbv\/dbvw\/pro-gewaesser\/"]}]},{"@type":"BreadcrumbList","@id":"https:\/\/www.lwbv.de\/lwbv\/dbvw\/pro-gewaesser\/#breadcrumb","itemListElement":[{"@type":"ListItem","position":1,"name":"Startseite","item":"https:\/\/www.lwbv.de\/lwbv\/"},{"@type":"ListItem","position":2,"name":"Pro Gew\u00e4sser"}]},{"@type":"WebSite","@id":"https:\/\/www.lwbv.de\/lwbv\/#website","url":"https:\/\/www.lwbv.de\/lwbv\/","name":"Landesverband der Wasser- und Bodenverb\u00e4nde","description":"","potentialAction":[{"@type":"SearchAction","target":{"@type":"EntryPoint","urlTemplate":"https:\/\/www.lwbv.de\/lwbv\/?s={search_term_string}"},"query-input":"required name=search_term_string"}],"inLanguage":"de"}]}},"_links":{"self":[{"href":"https:\/\/www.lwbv.de\/lwbv\/wp-json\/wp\/v2\/pages\/399"}],"collection":[{"href":"https:\/\/www.lwbv.de\/lwbv\/wp-json\/wp\/v2\/pages"}],"about":[{"href":"https:\/\/www.lwbv.de\/lwbv\/wp-json\/wp\/v2\/types\/page"}],"author":[{"embeddable":true,"href":"https:\/\/www.lwbv.de\/lwbv\/wp-json\/wp\/v2\/users\/3"}],"replies":[{"embeddable":true,"href":"https:\/\/www.lwbv.de\/lwbv\/wp-json\/wp\/v2\/comments?post=399"}],"version-history":[{"count":8,"href":"https:\/\/www.lwbv.de\/lwbv\/wp-json\/wp\/v2\/pages\/399\/revisions"}],"predecessor-version":[{"id":411,"href":"https:\/\/www.lwbv.de\/lwbv\/wp-json\/wp\/v2\/pages\/399\/revisions\/411"}],"wp:attachment":[{"href":"https:\/\/www.lwbv.de\/lwbv\/wp-json\/wp\/v2\/media?parent=399"}],"curies":[{"name":"wp","href":"https:\/\/api.w.org\/{rel}","templated":true}]}}