{"id":414,"date":"2018-07-05T14:56:51","date_gmt":"2018-07-05T12:56:51","guid":{"rendered":"http:\/\/lwbv.de.lot\/?page_id=414"},"modified":"2025-10-08T09:11:37","modified_gmt":"2025-10-08T07:11:37","slug":"karten","status":"publish","type":"page","link":"https:\/\/www.lwbv.de\/lwbv\/mitglieder\/karten\/","title":{"rendered":"Karten"},"content":{"rendered":"<div class=\"wpb-content-wrapper\"><p>[vc_row][vc_column][\/vc_column][\/vc_row][vc_row][vc_column width=&#8220;1\/2&#8243;][vc_column_text]<\/p>\n<h3><strong>\u00dcbersichtskarten<\/strong><strong>:<\/strong><\/h3>\n<h3><a class=\"icon-pdf\" href=\"https:\/\/www.lwbv.de\/media\/pdf\/Wasser-undBodenverbaende.pdf\" target=\"_blank\" rel=\"noopener\" name=\"linkDownloadblk_blockLinksblk_block__2__1\"><\/a><\/h3>\n<p><a class=\"icon-pdf\" href=\"https:\/\/www.lwbv.de\/media\/pdf\/Landesverband.pdf\" target=\"_blank\" rel=\"noopener\" name=\"linkDownloadblk_blockLinksblk_block__1__1\"><\/a>[\/vc_column_text]<div class=\" ubtn-ctn-left \"><a class=\"ubtn-link ult-adjust-bottom-margin ubtn-left ubtn-small \" href=\"https:\/\/www.lwbv.de\/lwbv\/wp-content\/uploads\/2025\/08\/Landesverband.pdf\" target=\"_blank\" rel=\"noopener\" ><button type=\"button\" id=\"ubtn-1188\"  class=\"ubtn ult-adjust-bottom-margin ult-responsive ubtn-small ubtn-no-hover-bg  none  ubtn-shd  ubtn-left  shd-right tooltip-69f5fe9b9d8d6 ubtn-tooltip right\" data-toggle=\"tooltip\" data-placement=\"right\" title=\"LWBV - Aufgaben, Mitglieder, Gremien, Flussgebietseinheiten (FGE), Bearbeitungsgebietsverb\u00e4nde (BGV)\" data-hover=\"\" data-border-color=\"\" data-bg=\"rgba(30,115,190,0.44)\" data-hover-bg=\"\" data-border-hover=\"\" data-shadow-hover=\"3px 0 #879fbf;\" data-shadow-click=\"\" data-shadow=\"7px 0 #879fbf;\" data-shd-shadow=\"7\"  data-ultimate-target='#ubtn-1188'  data-responsive-json-new='{\"font-size\":\"\",\"line-height\":\"\"}'  style=\"font-weight:bold;border:none;box-shadow: 7px 0 #879fbf;background: rgba(30,115,190,0.44);color: #000000;\"><span class=\"ubtn-hover\" style=\"background-color:\"><\/span><span class=\"ubtn-data ubtn-text \" >Landesverband der Wasser- und Bodenverb\u00e4nde (LWBV)<\/span><\/button><\/a><\/div><div class=\" ubtn-ctn-left \"><a class=\"ubtn-link ult-adjust-bottom-margin ubtn-left ubtn-small \" href=\"https:\/\/www.lwbv.de\/lwbv\/wp-content\/uploads\/2025\/08\/Wasser-undBodenverbaende.pdf\" target=\"_blank\" rel=\"noopener\" ><button type=\"button\" id=\"ubtn-3758\"  class=\"ubtn ult-adjust-bottom-margin ult-responsive ubtn-small ubtn-no-hover-bg  none  ubtn-shd  ubtn-left  shd-right tooltip-69f5fe9b9da22 ubtn-tooltip right\" data-toggle=\"tooltip\" data-placement=\"right\" title=\"Wasser- und Bodenverb\u00e4nde, Kreisaufsichtsbeh\u00f6rden \/ Kreisgrenzen\" data-hover=\"\" data-border-color=\"\" data-bg=\"rgba(30,115,190,0.44)\" data-hover-bg=\"\" data-border-hover=\"\" data-shadow-hover=\"3px 0 #879fbf;\" data-shadow-click=\"\" data-shadow=\"7px 0 #879fbf;\" data-shd-shadow=\"7\"  data-ultimate-target='#ubtn-3758'  data-responsive-json-new='{\"font-size\":\"\",\"line-height\":\"\"}'  style=\"font-weight:bold;border:none;box-shadow: 7px 0 #879fbf;background: rgba(30,115,190,0.44);color: #000000;\"><span class=\"ubtn-hover\" style=\"background-color:\"><\/span><span class=\"ubtn-data ubtn-text \" >Wasser- und Bodenverb\u00e4nde SH<\/span><\/button><\/a><\/div><div class=\" ubtn-ctn-left \"><a class=\"ubtn-link ult-adjust-bottom-margin ubtn-left ubtn-small \" href=\"https:\/\/www.lwbv.de\/lwbv\/wp-content\/uploads\/2025\/08\/Wasserverbaende.pdf\" target=\"_blank\" rel=\"noopener\" ><button type=\"button\" id=\"ubtn-7538\"  class=\"ubtn ult-adjust-bottom-margin ult-responsive ubtn-small ubtn-no-hover-bg  none  ubtn-shd  ubtn-left  shd-right tooltip-69f5fe9b9dadf ubtn-tooltip right\" data-toggle=\"tooltip\" data-placement=\"right\" title=\"Wasser(beschaffungs)-Verb\u00e4nde\" data-hover=\"\" data-border-color=\"\" data-bg=\"rgba(30,115,190,0.44)\" data-hover-bg=\"\" data-border-hover=\"\" data-shadow-hover=\"3px 0 #879fbf;\" data-shadow-click=\"\" data-shadow=\"7px 0 #879fbf;\" data-shd-shadow=\"7\"  data-ultimate-target='#ubtn-7538'  data-responsive-json-new='{\"font-size\":\"\",\"line-height\":\"\"}'  style=\"font-weight:bold;border:none;box-shadow: 7px 0 #879fbf;background: rgba(30,115,190,0.44);color: #000000;\"><span class=\"ubtn-hover\" style=\"background-color:\"><\/span><span class=\"ubtn-data ubtn-text \" >Wasserverb\u00e4nde SH<\/span><\/button><\/a><\/div><div class=\" ubtn-ctn-left \"><a class=\"ubtn-link ult-adjust-bottom-margin ubtn-left ubtn-small \" href=\"https:\/\/www.lwbv.de\/lwbv\/wp-content\/uploads\/2021\/12\/Randstreifen-Kulisse-Faltblatt1.png\" target=\"_blank\" rel=\"noopener\" ><button type=\"button\" id=\"ubtn-6771\"  class=\"ubtn ult-adjust-bottom-margin ult-responsive ubtn-small ubtn-no-hover-bg  none  ubtn-shd  ubtn-left  shd-right tooltip-69f5fe9b9db67 ubtn-tooltip right\" data-toggle=\"tooltip\" data-placement=\"right\" title=\"F\u00f6rderkulisse, Vorranggew\u00e4sser, Grenzen der Bearbeitungsgebietsverb\u00e4nde (BGV)\" data-hover=\"\" data-border-color=\"\" data-bg=\"rgba(30,115,190,0.44)\" data-hover-bg=\"\" data-border-hover=\"\" data-shadow-hover=\"3px 0 #879fbf;\" data-shadow-click=\"\" data-shadow=\"7px 0 #879fbf;\" data-shd-shadow=\"7\"  data-ultimate-target='#ubtn-6771'  data-responsive-json-new='{\"font-size\":\"\",\"line-height\":\"\"}'  style=\"font-weight:bold;border:none;box-shadow: 7px 0 #879fbf;background: rgba(30,115,190,0.44);color: #000000;\"><span class=\"ubtn-hover\" style=\"background-color:\"><\/span><span class=\"ubtn-data ubtn-text \" >Kulisse f\u00fcr Einrichtung dauerhafter Gew\u00e4sserrandstsreifen<\/span><\/button><\/a><\/div>[vc_column_text]<\/p>\n<h3><strong>Kartensysteme:\u00a0Digitaler Atlas Nord (<em>Wasserland SH<\/em>):<\/strong><\/h3>\n<p><strong>Anbieter<\/strong><br \/>\nDer DigitaleAtlasNord ist ein Internet-Angebot der Landesregierung Schleswig-Holstein und der schleswig-holsteinischen Kommunen.<\/p>\n<p>Landesamt f\u00fcr Vermessung und Geoinformation Schleswig-Holstein (LVermGeo SH)<br \/>\nMercatorstra\u00dfe 1<br \/>\n24106 Kiel<br \/>\nE-Mail: <a href=\"mailto:GDI-SH@LVermGeo.landsh.de\">GDI-SH@LVermGeo.landsh.de<\/a><\/p>\n<h3><a class=\"icon-pdf\" href=\"https:\/\/www.lwbv.de\/media\/pdf\/Wasser-undBodenverbaende.pdf\" target=\"_blank\" rel=\"noopener\" name=\"linkDownloadblk_blockLinksblk_block__2__1\"><\/a><\/h3>\n<p><a class=\"icon-pdf\" href=\"https:\/\/www.lwbv.de\/media\/pdf\/Landesverband.pdf\" target=\"_blank\" rel=\"noopener\" name=\"linkDownloadblk_blockLinksblk_block__1__1\"><\/a>[\/vc_column_text]<div class=\" ubtn-ctn-left \"><a class=\"ubtn-link ult-adjust-bottom-margin ubtn-left ubtn-normal \" href=\"https:\/\/danord.gdi-sh.de\/viewer\/resources\/apps\/Wasserland_AWGV\/index.html?lang=de#\/\" target=\"_blank\" rel=\"noopener\" ><button type=\"button\" id=\"ubtn-6112\"  class=\"ubtn ult-adjust-bottom-margin ult-responsive ubtn-normal ubtn-no-hover-bg  none  ubtn-shd  ubtn-left  shd-right tooltip-69f5fe9b9dbef ubtn-tooltip right\" data-toggle=\"tooltip\" data-placement=\"right\" title=\"Inhalte: Digitales Anlagen- bzw. Stukturverzeichnis, Verbands- und Planungsgrenzen, Digitales Fl\u00e4chen- bzw. Seenverzeichnis\" data-hover=\"\" data-border-color=\"\" data-bg=\"rgba(30,115,190,0.44)\" data-hover-bg=\"\" data-border-hover=\"\" data-shadow-hover=\"3px 0 #879fbf;\" data-shadow-click=\"\" data-shadow=\"7px 0 #879fbf;\" data-shd-shadow=\"7\"  data-ultimate-target='#ubtn-6112'  data-responsive-json-new='{\"font-size\":\"\",\"line-height\":\"\"}'  style=\"font-weight:bold;border:none;box-shadow: 7px 0 #879fbf;background: rgba(30,115,190,0.44);color: #000000;\"><span class=\"ubtn-hover\" style=\"background-color:\"><\/span><span class=\"ubtn-data ubtn-text \" >AWGV - Amtliches Wasserwirtschaftliches Gew\u00e4sserverzeichnis<\/span><\/button><\/a><\/div><div class=\" ubtn-ctn-left \"><a class=\"ubtn-link ult-adjust-bottom-margin ubtn-left ubtn-normal \" href=\"https:\/\/danord.gdi-sh.de\/viewer\/resources\/apps\/Wasserland_DAV\/index.html?lang=de#\/\" target=\"_blank\" rel=\"noopener\" ><button type=\"button\" id=\"ubtn-4452\"  class=\"ubtn ult-adjust-bottom-margin ult-responsive ubtn-normal ubtn-no-hover-bg  none  ubtn-shd  ubtn-left  shd-right tooltip-69f5fe9b9dc71 ubtn-tooltip right\" data-toggle=\"tooltip\" data-placement=\"right\" title=\"Inhalte: Wasser- und Bodenverb\u00e4nde, Hauptverb\u00e4nde, Gew\u00e4sserlinien, Anlagen am Gew\u00e4sser sowie Binnendeichanlagen.\" data-hover=\"\" data-border-color=\"\" data-bg=\"rgba(30,115,190,0.44)\" data-hover-bg=\"\" data-border-hover=\"\" data-shadow-hover=\"3px 0 #879fbf;\" data-shadow-click=\"\" data-shadow=\"7px 0 #879fbf;\" data-shd-shadow=\"7\"  data-ultimate-target='#ubtn-4452'  data-responsive-json-new='{\"font-size\":\"\",\"line-height\":\"\"}'  style=\"font-weight:bold;border:none;box-shadow: 7px 0 #879fbf;background: rgba(30,115,190,0.44);color: #000000;\"><span class=\"ubtn-hover\" style=\"background-color:\"><\/span><span class=\"ubtn-data ubtn-text \" >Digitales Anlagenverzeichnis - DAV<\/span><\/button><\/a><\/div><div class=\" ubtn-ctn-left \"><a class=\"ubtn-link ult-adjust-bottom-margin ubtn-left ubtn-normal \" href=\"https:\/\/service.gdi-sh.de\/administration\/account\/login?returnURL=https%3A%2F%2Fdanord.gdi-sh.de%2Fviewer%2Fresources%2Fapps%2Fwasserlandgewaesserunterhaltung%2Findex.html%3Flang%3Dde#\/\" target=\"_blank\" rel=\"noopener\" ><button type=\"button\" id=\"ubtn-4384\"  class=\"ubtn ult-adjust-bottom-margin ult-responsive ubtn-normal ubtn-no-hover-bg  none  ubtn-shd  ubtn-left  shd-right tooltip-69f5fe9b9dcf6 ubtn-tooltip right\" data-toggle=\"tooltip\" data-placement=\"right\" title=\"Inhalte: Einstufung der Gew\u00e4sserunterhaltung, Gew\u00e4sserlinien, gesch\u00fctzte Fauna, Schutzgebiete, Landschaftsr\u00e4ume, Binnenfischerei-Verordnung (BiFVO) - PASSWORT GESCH\u00dcTZT!\" data-hover=\"\" data-border-color=\"\" data-bg=\"rgba(30,115,190,0.44)\" data-hover-bg=\"\" data-border-hover=\"\" data-shadow-hover=\"3px 0 #879fbf;\" data-shadow-click=\"\" data-shadow=\"7px 0 #879fbf;\" data-shd-shadow=\"7\"  data-ultimate-target='#ubtn-4384'  data-responsive-json-new='{\"font-size\":\"\",\"line-height\":\"\"}'  style=\"font-style:italic;font-weight:bold;border:none;box-shadow: 7px 0 #879fbf;background: rgba(30,115,190,0.44);color: #000000;\"><span class=\"ubtn-hover\" style=\"background-color:\"><\/span><span class=\"ubtn-data ubtn-text \" >Digitales Unterhaltungsverzeichnis - DUV<\/span><\/button><\/a><\/div><div class=\" ubtn-ctn-left \"><a class=\"ubtn-link ult-adjust-bottom-margin ubtn-left ubtn-normal \" href=\"https:\/\/danord.gdi-sh.de\/viewer\/resources\/apps\/Wasserland_HKGR\/index.html?lang=de#\/\" target=\"_blank\" rel=\"noopener\" ><button type=\"button\" id=\"ubtn-7746\"  class=\"ubtn ult-adjust-bottom-margin ult-responsive ubtn-normal ubtn-no-hover-bg  none  ubtn-shd  ubtn-left  shd-right tooltip-69f5fe9b9dd78 ubtn-tooltip right\" data-toggle=\"tooltip\" data-placement=\"right\" title=\"Inhalte: Dauerhafte Gew\u00e4sserrandstreifen an Flie\u00dfgew\u00e4ssern und Seen, Landwirtschaftliche Nutzung der Ufer, Gew\u00e4sserlinien, Gemeindestatistik\" data-hover=\"\" data-border-color=\"\" data-bg=\"rgba(30,115,190,0.44)\" data-hover-bg=\"\" data-border-hover=\"\" data-shadow-hover=\"3px 0 #879fbf;\" data-shadow-click=\"\" data-shadow=\"7px 0 #879fbf;\" data-shd-shadow=\"7\"  data-ultimate-target='#ubtn-7746'  data-responsive-json-new='{\"font-size\":\"\",\"line-height\":\"\"}'  style=\"font-weight:bold;border:none;box-shadow: 7px 0 #879fbf;background: rgba(30,115,190,0.44);color: #000000;\"><span class=\"ubtn-hover\" style=\"background-color:\"><\/span><span class=\"ubtn-data ubtn-text \" >Hinweiskulisse dauerhafter Gew\u00e4sserrandstreifen<\/span><\/button><\/a><\/div><div class=\" ubtn-ctn-left \"><a class=\"ubtn-link ult-adjust-bottom-margin ubtn-left ubtn-normal \" href=\"https:\/\/danord.gdi-sh.de\/viewer\/resources\/apps\/Wasserland_HNZK\/index.html?lang=de\" target=\"_blank\" rel=\"noopener\" ><button type=\"button\" id=\"ubtn-6061\"  class=\"ubtn ult-adjust-bottom-margin ult-responsive ubtn-normal ubtn-no-hover-bg  none  ubtn-shd  ubtn-left  shd-right tooltip-69f5fe9b9ddfb ubtn-tooltip right\" data-toggle=\"tooltip\" data-placement=\"right\" title=\"Inhalte: Randstreifenkulisse der Allianz f\u00fcr den Gew\u00e4sserschutz, Gew\u00e4sserreiche Gemeinden, Hangneigungsklassen in %, Gew\u00e4sserlinien, Gr\u00fcnland \/ Ackerfl\u00e4chen im Suchraum\" data-hover=\"\" data-border-color=\"\" data-bg=\"rgba(30,115,190,0.44)\" data-hover-bg=\"\" data-border-hover=\"\" data-shadow-hover=\"3px 0 #879fbf;\" data-shadow-click=\"\" data-shadow=\"7px 0 #879fbf;\" data-shd-shadow=\"7\"  data-ultimate-target='#ubtn-6061'  data-responsive-json-new='{\"font-size\":\"\",\"line-height\":\"\"}'  style=\"font-weight:bold;border:none;box-shadow: 7px 0 #879fbf;background: rgba(30,115,190,0.44);color: #000000;\"><span class=\"ubtn-hover\" style=\"background-color:\"><\/span><span class=\"ubtn-data ubtn-text \" >Hangneigungszonen-Kulisse<\/span><\/button><\/a><\/div><div class=\" ubtn-ctn-left \"><a class=\"ubtn-link ult-adjust-bottom-margin ubtn-left ubtn-normal \" href=\"https:\/\/danord.gdi-sh.de\/viewer\/resources\/apps\/feldblockfinder\/index.html?lang=de#\/\" target=\"_blank\" rel=\"noopener\" ><button type=\"button\" id=\"ubtn-7892\"  class=\"ubtn ult-adjust-bottom-margin ult-responsive ubtn-normal ubtn-no-hover-bg  none  ubtn-shd  ubtn-left  shd-right tooltip-69f5fe9b9de76 ubtn-tooltip right\" data-toggle=\"tooltip\" data-placement=\"right\" title=\"Inhalte: Nitratbelastete Gebiete nach LD\u00fcV, Trinkwasserschutzgebiete, Feldbl\u00f6cke, \u00dcberschwemmungsgebiete, FFH-, Vogelschutz- und Naturschutzgebiete, erosionsgef\u00e4hrdete Fl\u00e4chen\" data-hover=\"\" data-border-color=\"\" data-bg=\"rgba(30,115,190,0.44)\" data-hover-bg=\"\" data-border-hover=\"\" data-shadow-hover=\"3px 0 #879fbf;\" data-shadow-click=\"\" data-shadow=\"7px 0 #879fbf;\" data-shd-shadow=\"7\"  data-ultimate-target='#ubtn-7892'  data-responsive-json-new='{\"font-size\":\"\",\"line-height\":\"\"}'  style=\"font-weight:bold;border:none;box-shadow: 7px 0 #879fbf;background: rgba(30,115,190,0.44);color: #000000;\"><span class=\"ubtn-hover\" style=\"background-color:\"><\/span><span class=\"ubtn-data ubtn-text \" >Feldblockfinder<\/span><\/button><\/a><\/div><div class=\" ubtn-ctn-left \"><a class=\"ubtn-link ult-adjust-bottom-margin ubtn-left ubtn-normal \" href=\"https:\/\/danord.gdi-sh.de\/viewer\/resources\/apps\/ALKIS_FS\/index.html?lang=de#\/\" target=\"_blank\" rel=\"noopener\" ><button type=\"button\" id=\"ubtn-5776\"  class=\"ubtn ult-adjust-bottom-margin ult-responsive ubtn-normal ubtn-no-hover-bg  none  ubtn-shd  ubtn-left  shd-right tooltip-69f5fe9b9def7 ubtn-tooltip right\" data-toggle=\"tooltip\" data-placement=\"right\" title=\"Inhalte: Verwaltungsgrenzen (ALKIS), Flurst\u00fccke und Gemarkungen, Kreise, \u00c4mter und Gemeinden\" data-hover=\"\" data-border-color=\"\" data-bg=\"rgba(30,115,190,0.44)\" data-hover-bg=\"\" data-border-hover=\"\" data-shadow-hover=\"3px 0 #879fbf;\" data-shadow-click=\"\" data-shadow=\"7px 0 #879fbf;\" data-shd-shadow=\"7\"  data-ultimate-target='#ubtn-5776'  data-responsive-json-new='{\"font-size\":\"\",\"line-height\":\"\"}'  style=\"font-weight:bold;border:none;box-shadow: 7px 0 #879fbf;background: rgba(30,115,190,0.44);color: #000000;\"><span class=\"ubtn-hover\" style=\"background-color:\"><\/span><span class=\"ubtn-data ubtn-text \" >ALKIS-Flurst\u00fccke<\/span><\/button><\/a><\/div><div class=\" ubtn-ctn-left \"><a class=\"ubtn-link ult-adjust-bottom-margin ubtn-left ubtn-normal \" href=\"https:\/\/danord.gdi-sh.de\/viewer\/resources\/apps\/copernicus\/index.html?lang=de&stateId=983a331a-0791-4500-ba33-1a0791950086#\/\" target=\"_blank\" rel=\"noopener\" ><button type=\"button\" id=\"ubtn-2207\"  class=\"ubtn ult-adjust-bottom-margin ult-responsive ubtn-normal ubtn-no-hover-bg  none  ubtn-shd  ubtn-left  shd-right tooltip-69f5fe9b9df6f ubtn-tooltip right\" data-toggle=\"tooltip\" data-placement=\"right\" title=\"Inhalte: Gr\u00e4ben, ATKIS-Gew\u00e4sser, tempor\u00e4re Wasserfl\u00e4chen\" data-hover=\"\" data-border-color=\"\" data-bg=\"rgba(30,115,190,0.44)\" data-hover-bg=\"\" data-border-hover=\"\" data-shadow-hover=\"3px 0 #879fbf;\" data-shadow-click=\"\" data-shadow=\"7px 0 #879fbf;\" data-shd-shadow=\"7\"  data-ultimate-target='#ubtn-2207'  data-responsive-json-new='{\"font-size\":\"\",\"line-height\":\"\"}'  style=\"font-weight:bold;border:none;box-shadow: 7px 0 #879fbf;background: rgba(30,115,190,0.44);color: #000000;\"><span class=\"ubtn-hover\" style=\"background-color:\"><\/span><span class=\"ubtn-data ubtn-text \" >Copernicus - Graben-Netz<\/span><\/button><\/a><\/div><div class=\" ubtn-ctn-left \"><a class=\"ubtn-link ult-adjust-bottom-margin ubtn-left ubtn-normal \" href=\"https:\/\/umweltportal.schleswig-holstein.de\/kartendienste?lang=de&topic=thessd&bgLayer=sgx_geodatenzentrum_de_de_basemapde_web_raster_grau_DE_EPSG_25832_ADV&layers_opacity=7c580a03df586bef08b9a9bddd76bdea&E=533699.51&N=6040714.57&zoom=4.856666666666668&layers_visibility=25bb4e2975ac1a9ad61cdcd5d8967900&layers=86baf29d99c7f3656f9c9280f61027ad\" target=\"_blank\" rel=\"noopener\" ><button type=\"button\" id=\"ubtn-2089\"  class=\"ubtn ult-adjust-bottom-margin ult-responsive ubtn-normal ubtn-no-hover-bg  none  ubtn-shd  ubtn-left  shd-right tooltip-69f5fe9b9dfe8 ubtn-tooltip right\" data-toggle=\"tooltip\" data-placement=\"right\" title=\"\" data-hover=\"\" data-border-color=\"\" data-bg=\"rgba(30,115,190,0.44)\" data-hover-bg=\"\" data-border-hover=\"\" data-shadow-hover=\"3px 0 #879fbf;\" data-shadow-click=\"\" data-shadow=\"7px 0 #879fbf;\" data-shd-shadow=\"7\"  data-ultimate-target='#ubtn-2089'  data-responsive-json-new='{\"font-size\":\"\",\"line-height\":\"\"}'  style=\"font-weight:bold;border:none;box-shadow: 7px 0 #879fbf;background: rgba(30,115,190,0.44);color: #000000;\"><span class=\"ubtn-hover\" style=\"background-color:\"><\/span><span class=\"ubtn-data ubtn-text \" >Umweltportal Schleswig-Holstein<\/span><\/button><\/a><\/div>[\/vc_column][vc_column width=&#8220;1\/2&#8243;][vc_column_text]<\/p>\n<h3>Gebietsaufteilung f\u00fcr die Wasserrahmenrichtlinie<\/h3>\n<div class=\"p\"><span class=\"normal\">(Flussgebietseinheiten und Bearbeitungsgebiete)<\/span><\/div>\n<p>[\/vc_column_text][vc_single_image image=&#8220;2328&#8243; img_size=&#8220;full&#8220; onclick=&#8220;img_link_large&#8220;][vc_column_text]<\/p>\n<h3>Gebietsaufteilung &#8211; Bearbeitungsgebietsverb\u00e4nde (BGV)<\/h3>\n<p>[\/vc_column_text][vc_single_image image=&#8220;2327&#8243; img_size=&#8220;medium&#8220; style=&#8220;vc_box_rounded&#8220; onclick=&#8220;img_link_large&#8220; img_link_target=&#8220;_blank&#8220; el_id=&#8220;https:\/\/www.lwbv.de\/lwbv\/wp-content\/uploads\/2022\/09\/BGV-in-bunt-aus-dem-AWGV-1.png&#8220;][\/vc_column][\/vc_row][vc_row][vc_column]<div class=\"uavc-list-icon uavc-list-icon-wrapper ult-adjust-bottom-margin   \"><ul class=\"uavc-list\"><\/ul><\/div>[\/vc_column][\/vc_row]<\/p>\n<\/div>","protected":false},"excerpt":{"rendered":"<p>[vc_row][vc_column][\/vc_column][\/vc_row][vc_row][vc_column width=&#8220;1\/2&#8243;][vc_column_text] \u00dcbersichtskarten: [\/vc_column_text][vc_column_text] Kartensysteme:\u00a0Digitaler Atlas Nord (Wasserland SH): Anbieter Der DigitaleAtlasNord ist ein Internet-Angebot der Landesregierung Schleswig-Holstein und der schleswig-holsteinischen Kommunen. Landesamt f\u00fcr Vermessung und Geoinformation Schleswig-Holstein (LVermGeo SH) Mercatorstra\u00dfe 1 24106 Kiel E-Mail: GDI-SH@LVermGeo.landsh.de [\/vc_column_text][\/vc_column][vc_column width=&#8220;1\/2&#8243;][vc_column_text] Gebietsaufteilung f\u00fcr die Wasserrahmenrichtlinie (Flussgebietseinheiten und Bearbeitungsgebiete) [\/vc_column_text][vc_single_image image=&#8220;2328&#8243; img_size=&#8220;full&#8220; onclick=&#8220;img_link_large&#8220;][vc_column_text] Gebietsaufteilung &#8211; Bearbeitungsgebietsverb\u00e4nde (BGV) [\/vc_column_text][vc_single_image image=&#8220;2327&#8243;&hellip;<\/p>\n","protected":false},"author":3,"featured_media":0,"parent":0,"menu_order":0,"comment_status":"closed","ping_status":"open","template":"","meta":{"footnotes":""},"yoast_head":"<!-- This site is optimized with the Yoast SEO plugin v22.8 - https:\/\/yoast.com\/wordpress\/plugins\/seo\/ -->\n<title>Karten - Landesverband der Wasser- und Bodenverb\u00e4nde<\/title>\n<meta name=\"robots\" content=\"index, follow, max-snippet:-1, max-image-preview:large, max-video-preview:-1\" \/>\n<link rel=\"canonical\" href=\"https:\/\/www.lwbv.de\/lwbv\/mitglieder\/karten\/\" \/>\n<meta property=\"og:locale\" content=\"de_DE\" \/>\n<meta property=\"og:type\" content=\"article\" \/>\n<meta property=\"og:title\" content=\"Karten - Landesverband der Wasser- und Bodenverb\u00e4nde\" \/>\n<meta property=\"og:description\" content=\"[vc_row][vc_column][\/vc_column][\/vc_row][vc_row][vc_column width=&#8220;1\/2&#8243;][vc_column_text] \u00dcbersichtskarten: [\/vc_column_text][vc_column_text] Kartensysteme:\u00a0Digitaler Atlas Nord (Wasserland SH): Anbieter Der DigitaleAtlasNord ist ein Internet-Angebot der Landesregierung Schleswig-Holstein und der schleswig-holsteinischen Kommunen. Landesamt f\u00fcr Vermessung und Geoinformation Schleswig-Holstein (LVermGeo SH) Mercatorstra\u00dfe 1 24106 Kiel E-Mail: GDI-SH@LVermGeo.landsh.de [\/vc_column_text][\/vc_column][vc_column width=&#8220;1\/2&#8243;][vc_column_text] Gebietsaufteilung f\u00fcr die Wasserrahmenrichtlinie (Flussgebietseinheiten und Bearbeitungsgebiete) [\/vc_column_text][vc_single_image image=&#8220;2328&#8243; img_size=&#8220;full&#8220; onclick=&#8220;img_link_large&#8220;][vc_column_text] Gebietsaufteilung &#8211; Bearbeitungsgebietsverb\u00e4nde (BGV) [\/vc_column_text][vc_single_image image=&#8220;2327&#8243;&hellip;\" \/>\n<meta property=\"og:url\" content=\"https:\/\/www.lwbv.de\/lwbv\/mitglieder\/karten\/\" \/>\n<meta property=\"og:site_name\" content=\"Landesverband der Wasser- und Bodenverb\u00e4nde\" \/>\n<meta property=\"article:modified_time\" content=\"2025-10-08T07:11:37+00:00\" \/>\n<meta name=\"twitter:card\" content=\"summary_large_image\" \/>\n<meta name=\"twitter:label1\" content=\"Gesch\u00e4tzte Lesezeit\" \/>\n\t<meta name=\"twitter:data1\" content=\"3\u00a0Minuten\" \/>\n<script type=\"application\/ld+json\" class=\"yoast-schema-graph\">{\"@context\":\"https:\/\/schema.org\",\"@graph\":[{\"@type\":\"WebPage\",\"@id\":\"https:\/\/www.lwbv.de\/lwbv\/mitglieder\/karten\/\",\"url\":\"https:\/\/www.lwbv.de\/lwbv\/mitglieder\/karten\/\",\"name\":\"Karten - Landesverband der Wasser- und Bodenverb\u00e4nde\",\"isPartOf\":{\"@id\":\"https:\/\/www.lwbv.de\/lwbv\/#website\"},\"datePublished\":\"2018-07-05T12:56:51+00:00\",\"dateModified\":\"2025-10-08T07:11:37+00:00\",\"breadcrumb\":{\"@id\":\"https:\/\/www.lwbv.de\/lwbv\/mitglieder\/karten\/#breadcrumb\"},\"inLanguage\":\"de\",\"potentialAction\":[{\"@type\":\"ReadAction\",\"target\":[\"https:\/\/www.lwbv.de\/lwbv\/mitglieder\/karten\/\"]}]},{\"@type\":\"BreadcrumbList\",\"@id\":\"https:\/\/www.lwbv.de\/lwbv\/mitglieder\/karten\/#breadcrumb\",\"itemListElement\":[{\"@type\":\"ListItem\",\"position\":1,\"name\":\"Startseite\",\"item\":\"https:\/\/www.lwbv.de\/lwbv\/\"},{\"@type\":\"ListItem\",\"position\":2,\"name\":\"Karten\"}]},{\"@type\":\"WebSite\",\"@id\":\"https:\/\/www.lwbv.de\/lwbv\/#website\",\"url\":\"https:\/\/www.lwbv.de\/lwbv\/\",\"name\":\"Landesverband der Wasser- und Bodenverb\u00e4nde\",\"description\":\"\",\"potentialAction\":[{\"@type\":\"SearchAction\",\"target\":{\"@type\":\"EntryPoint\",\"urlTemplate\":\"https:\/\/www.lwbv.de\/lwbv\/?s={search_term_string}\"},\"query-input\":\"required name=search_term_string\"}],\"inLanguage\":\"de\"}]}<\/script>\n<!-- \/ Yoast SEO plugin. -->","yoast_head_json":{"title":"Karten - Landesverband der Wasser- und Bodenverb\u00e4nde","robots":{"index":"index","follow":"follow","max-snippet":"max-snippet:-1","max-image-preview":"max-image-preview:large","max-video-preview":"max-video-preview:-1"},"canonical":"https:\/\/www.lwbv.de\/lwbv\/mitglieder\/karten\/","og_locale":"de_DE","og_type":"article","og_title":"Karten - Landesverband der Wasser- und Bodenverb\u00e4nde","og_description":"[vc_row][vc_column][\/vc_column][\/vc_row][vc_row][vc_column width=&#8220;1\/2&#8243;][vc_column_text] \u00dcbersichtskarten: [\/vc_column_text][vc_column_text] Kartensysteme:\u00a0Digitaler Atlas Nord (Wasserland SH): Anbieter Der DigitaleAtlasNord ist ein Internet-Angebot der Landesregierung Schleswig-Holstein und der schleswig-holsteinischen Kommunen. Landesamt f\u00fcr Vermessung und Geoinformation Schleswig-Holstein (LVermGeo SH) Mercatorstra\u00dfe 1 24106 Kiel E-Mail: GDI-SH@LVermGeo.landsh.de [\/vc_column_text][\/vc_column][vc_column width=&#8220;1\/2&#8243;][vc_column_text] Gebietsaufteilung f\u00fcr die Wasserrahmenrichtlinie (Flussgebietseinheiten und Bearbeitungsgebiete) [\/vc_column_text][vc_single_image image=&#8220;2328&#8243; img_size=&#8220;full&#8220; onclick=&#8220;img_link_large&#8220;][vc_column_text] Gebietsaufteilung &#8211; Bearbeitungsgebietsverb\u00e4nde (BGV) [\/vc_column_text][vc_single_image image=&#8220;2327&#8243;&hellip;","og_url":"https:\/\/www.lwbv.de\/lwbv\/mitglieder\/karten\/","og_site_name":"Landesverband der Wasser- und Bodenverb\u00e4nde","article_modified_time":"2025-10-08T07:11:37+00:00","twitter_card":"summary_large_image","twitter_misc":{"Gesch\u00e4tzte Lesezeit":"3\u00a0Minuten"},"schema":{"@context":"https:\/\/schema.org","@graph":[{"@type":"WebPage","@id":"https:\/\/www.lwbv.de\/lwbv\/mitglieder\/karten\/","url":"https:\/\/www.lwbv.de\/lwbv\/mitglieder\/karten\/","name":"Karten - Landesverband der Wasser- und Bodenverb\u00e4nde","isPartOf":{"@id":"https:\/\/www.lwbv.de\/lwbv\/#website"},"datePublished":"2018-07-05T12:56:51+00:00","dateModified":"2025-10-08T07:11:37+00:00","breadcrumb":{"@id":"https:\/\/www.lwbv.de\/lwbv\/mitglieder\/karten\/#breadcrumb"},"inLanguage":"de","potentialAction":[{"@type":"ReadAction","target":["https:\/\/www.lwbv.de\/lwbv\/mitglieder\/karten\/"]}]},{"@type":"BreadcrumbList","@id":"https:\/\/www.lwbv.de\/lwbv\/mitglieder\/karten\/#breadcrumb","itemListElement":[{"@type":"ListItem","position":1,"name":"Startseite","item":"https:\/\/www.lwbv.de\/lwbv\/"},{"@type":"ListItem","position":2,"name":"Karten"}]},{"@type":"WebSite","@id":"https:\/\/www.lwbv.de\/lwbv\/#website","url":"https:\/\/www.lwbv.de\/lwbv\/","name":"Landesverband der Wasser- und Bodenverb\u00e4nde","description":"","potentialAction":[{"@type":"SearchAction","target":{"@type":"EntryPoint","urlTemplate":"https:\/\/www.lwbv.de\/lwbv\/?s={search_term_string}"},"query-input":"required name=search_term_string"}],"inLanguage":"de"}]}},"_links":{"self":[{"href":"https:\/\/www.lwbv.de\/lwbv\/wp-json\/wp\/v2\/pages\/414"}],"collection":[{"href":"https:\/\/www.lwbv.de\/lwbv\/wp-json\/wp\/v2\/pages"}],"about":[{"href":"https:\/\/www.lwbv.de\/lwbv\/wp-json\/wp\/v2\/types\/page"}],"author":[{"embeddable":true,"href":"https:\/\/www.lwbv.de\/lwbv\/wp-json\/wp\/v2\/users\/3"}],"replies":[{"embeddable":true,"href":"https:\/\/www.lwbv.de\/lwbv\/wp-json\/wp\/v2\/comments?post=414"}],"version-history":[{"count":64,"href":"https:\/\/www.lwbv.de\/lwbv\/wp-json\/wp\/v2\/pages\/414\/revisions"}],"predecessor-version":[{"id":3060,"href":"https:\/\/www.lwbv.de\/lwbv\/wp-json\/wp\/v2\/pages\/414\/revisions\/3060"}],"wp:attachment":[{"href":"https:\/\/www.lwbv.de\/lwbv\/wp-json\/wp\/v2\/media?parent=414"}],"curies":[{"name":"wp","href":"https:\/\/api.w.org\/{rel}","templated":true}]}}