{"id":45,"date":"2018-04-12T14:36:13","date_gmt":"2018-04-12T12:36:13","guid":{"rendered":"http:\/\/lwbv.de.lot\/?page_id=45"},"modified":"2021-12-03T10:32:50","modified_gmt":"2021-12-03T09:32:50","slug":"impressum","status":"publish","type":"page","link":"https:\/\/www.lwbv.de\/lwbv\/impressum\/","title":{"rendered":"Impressum"},"content":{"rendered":"<div class=\"wpb-content-wrapper\"><p>[vc_row][vc_column width=&#8220;2\/3&#8243;][vc_column_text]<\/p>\n<div class=\"section clearfix\" style=\"text-align: left;\">\n<h2>Seitenbetreiber:<\/h2>\n<div class=\"p\">\n<p>Landesverband der Wasser- und Bodenverb\u00e4nde Schleswig-Holstein<\/p>\n<p>Gesch\u00e4ftsf\u00fchrer: RA Mathias Rohde<br \/>\nRolandskoppel 28<br \/>\n24784 Westerr\u00f6nfeld<\/p>\n<p>Tel.: 04331 &#8211; 70 82 26 &#8211; 60<br \/>\nInternet:\u00a0<a href=\"http:\/\/www.lwbv.de\/\" target=\"_blank\" rel=\"noopener\">www.lwbv.de<\/a><\/p>\n<p>Fotos: B. Hahnhard-Jensen, Dr. Mareike Stanisak<br \/>\n&#8211;<\/p>\n<\/div>\n<\/div>\n<div class=\"section clearfix\" style=\"text-align: left;\">\n<h3>Realisation<\/h3>\n<p>Made in Schleswig-Holstein by <a title=\"Digitalagentur Kiel \u00b7 Online-Marketing \u00b7 Digitale Transformation\" href=\"https:\/\/www.wigital.de\/\" target=\"_blank\" rel=\"noopener\">wigital<\/a><\/p>\n<\/div>\n<p>[\/vc_column_text][vc_column_text]<\/p>\n<div class=\"section clearfix\">\n<h2>Rechtliche Hinweise:<\/h2>\n<div class=\"p\">\n<p>Der gesamte Inhalt dieser Websites ist urheberechtlich gesch\u00fctzt. Das Herunterladen oder Ausdrucken einzelner Seiten und\/oder Teilbereiche ist nur insoweit gestattet, als es von dem zur Verf\u00fcgung gestellten Zweck gedeckt ist. Copyrightvermerke d\u00fcrfen nicht entfernt oder ver\u00e4ndert werden. Jegliche Vervielf\u00e4ltigung, \u00dcbermittlung oder Bearbeitung ist au\u00dferhalb der engen Grenzen des Urheberrechts ohne vorherige schriftliche Zustimmung des Urhebers untersagt.<\/p>\n<p>Der Landesverband der Wasser- und Bodenverb\u00e4nde Schleswig-Holstein versucht nach besten Kr\u00e4ften, die Zuverl\u00e4ssigkeit und Fehlerfreiheit der pr\u00e4sentierten Informationen sicherzustellen. Eine Haftung f\u00fcr Verluste oder Sch\u00e4den irgendwelcher Art, die direkt mit dem Zugriff der Benutzung der Leistung oder der Anfrage auf diesen Webseiten oder deren Verkn\u00fcpfungen mit anderen Webseiten zusammenh\u00e4ngen, kann der Landesverband der Wasser- und Bodenverb\u00e4nde Schleswig-Holstein nicht \u00fcbernehmen.<\/p>\n<p>Die Aktivierung bestimmter Verkn\u00fcpfungen (Links) auf diesen Webseiten kann dazu f\u00fchren, dass die Webseiten von dem Landesverband der Wasser- und Bodenverb\u00e4nde Schleswig-Holstein verlassen werden. Der Landesverband der Wasser- und Bodenverb\u00e4nde Schleswig-Holstein hat die Verkn\u00fcpfung und den Inhalt der verkn\u00fcpften Seiten \u00fcberpr\u00fcft, kann dies aber nicht t\u00e4glich wiederholen und \u00fcbernimmt daher weder f\u00fcr deren technische Qualit\u00e4t noch f\u00fcr deren Inhalte, insbesondere den darauf angebotenen Podukten, Dienstleistungen oder sonstigen Angeboten eine Haftung.<\/p>\n<\/div>\n<\/div>\n<div class=\"p\">\n<p>&nbsp;<\/p>\n<\/div>\n<p>[\/vc_column_text][\/vc_column][vc_column width=&#8220;1\/3&#8243;][\/vc_column][\/vc_row]<\/p>\n<\/div>","protected":false},"excerpt":{"rendered":"<p>[vc_row][vc_column width=&#8220;2\/3&#8243;][vc_column_text] Seitenbetreiber: Landesverband der Wasser- und Bodenverb\u00e4nde Schleswig-Holstein Gesch\u00e4ftsf\u00fchrer: RA Mathias Rohde Rolandskoppel 28 24784 Westerr\u00f6nfeld Tel.: 04331 &#8211; 70 82 26 &#8211; 60 Internet:\u00a0www.lwbv.de Fotos: B. Hahnhard-Jensen, Dr. Mareike Stanisak &#8211; Realisation Made in Schleswig-Holstein by wigital [\/vc_column_text][vc_column_text] Rechtliche Hinweise: Der gesamte Inhalt dieser Websites ist urheberechtlich gesch\u00fctzt. Das Herunterladen oder Ausdrucken einzelner&hellip;<\/p>\n","protected":false},"author":1,"featured_media":0,"parent":0,"menu_order":0,"comment_status":"closed","ping_status":"open","template":"","meta":{"footnotes":""},"yoast_head":"<!-- This site is optimized with the Yoast SEO plugin v22.8 - https:\/\/yoast.com\/wordpress\/plugins\/seo\/ -->\n<title>Impressum - Landesverband der Wasser- und Bodenverb\u00e4nde<\/title>\n<meta name=\"robots\" content=\"index, follow, max-snippet:-1, max-image-preview:large, max-video-preview:-1\" \/>\n<link rel=\"canonical\" href=\"https:\/\/www.lwbv.de\/lwbv\/impressum\/\" \/>\n<meta property=\"og:locale\" content=\"de_DE\" \/>\n<meta property=\"og:type\" content=\"article\" \/>\n<meta property=\"og:title\" content=\"Impressum - Landesverband der Wasser- und Bodenverb\u00e4nde\" \/>\n<meta property=\"og:description\" content=\"[vc_row][vc_column width=&#8220;2\/3&#8243;][vc_column_text] Seitenbetreiber: Landesverband der Wasser- und Bodenverb\u00e4nde Schleswig-Holstein Gesch\u00e4ftsf\u00fchrer: RA Mathias Rohde Rolandskoppel 28 24784 Westerr\u00f6nfeld Tel.: 04331 &#8211; 70 82 26 &#8211; 60 Internet:\u00a0www.lwbv.de Fotos: B. Hahnhard-Jensen, Dr. Mareike Stanisak &#8211; Realisation Made in Schleswig-Holstein by wigital [\/vc_column_text][vc_column_text] Rechtliche Hinweise: Der gesamte Inhalt dieser Websites ist urheberechtlich gesch\u00fctzt. Das Herunterladen oder Ausdrucken einzelner&hellip;\" \/>\n<meta property=\"og:url\" content=\"https:\/\/www.lwbv.de\/lwbv\/impressum\/\" \/>\n<meta property=\"og:site_name\" content=\"Landesverband der Wasser- und Bodenverb\u00e4nde\" \/>\n<meta property=\"article:modified_time\" content=\"2021-12-03T09:32:50+00:00\" \/>\n<meta name=\"twitter:card\" content=\"summary_large_image\" \/>\n<meta name=\"twitter:label1\" content=\"Gesch\u00e4tzte Lesezeit\" \/>\n\t<meta name=\"twitter:data1\" content=\"1\u00a0Minute\" \/>\n<script type=\"application\/ld+json\" class=\"yoast-schema-graph\">{\"@context\":\"https:\/\/schema.org\",\"@graph\":[{\"@type\":\"WebPage\",\"@id\":\"https:\/\/www.lwbv.de\/lwbv\/impressum\/\",\"url\":\"https:\/\/www.lwbv.de\/lwbv\/impressum\/\",\"name\":\"Impressum - Landesverband der Wasser- und Bodenverb\u00e4nde\",\"isPartOf\":{\"@id\":\"https:\/\/www.lwbv.de\/lwbv\/#website\"},\"datePublished\":\"2018-04-12T12:36:13+00:00\",\"dateModified\":\"2021-12-03T09:32:50+00:00\",\"breadcrumb\":{\"@id\":\"https:\/\/www.lwbv.de\/lwbv\/impressum\/#breadcrumb\"},\"inLanguage\":\"de\",\"potentialAction\":[{\"@type\":\"ReadAction\",\"target\":[\"https:\/\/www.lwbv.de\/lwbv\/impressum\/\"]}]},{\"@type\":\"BreadcrumbList\",\"@id\":\"https:\/\/www.lwbv.de\/lwbv\/impressum\/#breadcrumb\",\"itemListElement\":[{\"@type\":\"ListItem\",\"position\":1,\"name\":\"Startseite\",\"item\":\"https:\/\/www.lwbv.de\/lwbv\/\"},{\"@type\":\"ListItem\",\"position\":2,\"name\":\"Impressum\"}]},{\"@type\":\"WebSite\",\"@id\":\"https:\/\/www.lwbv.de\/lwbv\/#website\",\"url\":\"https:\/\/www.lwbv.de\/lwbv\/\",\"name\":\"Landesverband der Wasser- und Bodenverb\u00e4nde\",\"description\":\"\",\"potentialAction\":[{\"@type\":\"SearchAction\",\"target\":{\"@type\":\"EntryPoint\",\"urlTemplate\":\"https:\/\/www.lwbv.de\/lwbv\/?s={search_term_string}\"},\"query-input\":\"required name=search_term_string\"}],\"inLanguage\":\"de\"}]}<\/script>\n<!-- \/ Yoast SEO plugin. -->","yoast_head_json":{"title":"Impressum - Landesverband der Wasser- und Bodenverb\u00e4nde","robots":{"index":"index","follow":"follow","max-snippet":"max-snippet:-1","max-image-preview":"max-image-preview:large","max-video-preview":"max-video-preview:-1"},"canonical":"https:\/\/www.lwbv.de\/lwbv\/impressum\/","og_locale":"de_DE","og_type":"article","og_title":"Impressum - Landesverband der Wasser- und Bodenverb\u00e4nde","og_description":"[vc_row][vc_column width=&#8220;2\/3&#8243;][vc_column_text] Seitenbetreiber: Landesverband der Wasser- und Bodenverb\u00e4nde Schleswig-Holstein Gesch\u00e4ftsf\u00fchrer: RA Mathias Rohde Rolandskoppel 28 24784 Westerr\u00f6nfeld Tel.: 04331 &#8211; 70 82 26 &#8211; 60 Internet:\u00a0www.lwbv.de Fotos: B. Hahnhard-Jensen, Dr. Mareike Stanisak &#8211; Realisation Made in Schleswig-Holstein by wigital [\/vc_column_text][vc_column_text] Rechtliche Hinweise: Der gesamte Inhalt dieser Websites ist urheberechtlich gesch\u00fctzt. Das Herunterladen oder Ausdrucken einzelner&hellip;","og_url":"https:\/\/www.lwbv.de\/lwbv\/impressum\/","og_site_name":"Landesverband der Wasser- und Bodenverb\u00e4nde","article_modified_time":"2021-12-03T09:32:50+00:00","twitter_card":"summary_large_image","twitter_misc":{"Gesch\u00e4tzte Lesezeit":"1\u00a0Minute"},"schema":{"@context":"https:\/\/schema.org","@graph":[{"@type":"WebPage","@id":"https:\/\/www.lwbv.de\/lwbv\/impressum\/","url":"https:\/\/www.lwbv.de\/lwbv\/impressum\/","name":"Impressum - Landesverband der Wasser- und Bodenverb\u00e4nde","isPartOf":{"@id":"https:\/\/www.lwbv.de\/lwbv\/#website"},"datePublished":"2018-04-12T12:36:13+00:00","dateModified":"2021-12-03T09:32:50+00:00","breadcrumb":{"@id":"https:\/\/www.lwbv.de\/lwbv\/impressum\/#breadcrumb"},"inLanguage":"de","potentialAction":[{"@type":"ReadAction","target":["https:\/\/www.lwbv.de\/lwbv\/impressum\/"]}]},{"@type":"BreadcrumbList","@id":"https:\/\/www.lwbv.de\/lwbv\/impressum\/#breadcrumb","itemListElement":[{"@type":"ListItem","position":1,"name":"Startseite","item":"https:\/\/www.lwbv.de\/lwbv\/"},{"@type":"ListItem","position":2,"name":"Impressum"}]},{"@type":"WebSite","@id":"https:\/\/www.lwbv.de\/lwbv\/#website","url":"https:\/\/www.lwbv.de\/lwbv\/","name":"Landesverband der Wasser- und Bodenverb\u00e4nde","description":"","potentialAction":[{"@type":"SearchAction","target":{"@type":"EntryPoint","urlTemplate":"https:\/\/www.lwbv.de\/lwbv\/?s={search_term_string}"},"query-input":"required name=search_term_string"}],"inLanguage":"de"}]}},"_links":{"self":[{"href":"https:\/\/www.lwbv.de\/lwbv\/wp-json\/wp\/v2\/pages\/45"}],"collection":[{"href":"https:\/\/www.lwbv.de\/lwbv\/wp-json\/wp\/v2\/pages"}],"about":[{"href":"https:\/\/www.lwbv.de\/lwbv\/wp-json\/wp\/v2\/types\/page"}],"author":[{"embeddable":true,"href":"https:\/\/www.lwbv.de\/lwbv\/wp-json\/wp\/v2\/users\/1"}],"replies":[{"embeddable":true,"href":"https:\/\/www.lwbv.de\/lwbv\/wp-json\/wp\/v2\/comments?post=45"}],"version-history":[{"count":9,"href":"https:\/\/www.lwbv.de\/lwbv\/wp-json\/wp\/v2\/pages\/45\/revisions"}],"predecessor-version":[{"id":2030,"href":"https:\/\/www.lwbv.de\/lwbv\/wp-json\/wp\/v2\/pages\/45\/revisions\/2030"}],"wp:attachment":[{"href":"https:\/\/www.lwbv.de\/lwbv\/wp-json\/wp\/v2\/media?parent=45"}],"curies":[{"name":"wp","href":"https:\/\/api.w.org\/{rel}","templated":true}]}}